{"id":4266,"date":"2018-10-21T17:07:03","date_gmt":"2018-10-21T15:07:03","guid":{"rendered":"https:\/\/lmt-gorica.hr\/promo-tekstil\/"},"modified":"2026-04-25T16:36:49","modified_gmt":"2026-04-25T14:36:49","slug":"werbetextilien","status":"publish","type":"page","link":"https:\/\/lmt-gorica.hr\/de\/werbetextilien\/","title":{"rendered":"Werbetextilien"},"content":{"rendered":"<div class=\"wpb-content-wrapper\"><p>[vc_row][vc_column][vc_row_inner][vc_column_inner][vc_column_text text_larger=&#8221;no&#8221;]Im Bereich der Textilf\u00f6rderung bieten wir Produkte h\u00f6chster Qualit\u00e4t von renommierten Weltmarken an. Erfreuen Sie Ihre Gesch\u00e4ftspartner oder Mitarbeiter mit textilen Werbeartikeln.[\/vc_column_text][\/vc_column_inner][\/vc_row_inner][vc_row_inner][vc_column_inner width=&#8221;1\/2&#8243;]\n\t\t<ul class=\" wd-rs-5c1a17ad7f928 wd-list wd-wpb color-scheme- wd-fontsize-xs wd-list-type-icon wd-list-style-default wd-justify-left \" id=\"wd-5c1a17ad7f928\">\n\t\t\t\t\t\t\t\t\t\t\t<li>\n\t\t\t\t\t<span class=\"list-icon wd-icon fa fa-check\"><\/span>\n\t\t\t\t\t<span class=\"list-content\">T-Shirt-Druck<\/span>\n\t\t\t\t\t\t\t\t\t<\/li>\n\t\t\t\t\t\t\t\t\t\t\t<li>\n\t\t\t\t\t<span class=\"list-icon wd-icon fa fa-check\"><\/span>\n\t\t\t\t\t<span class=\"list-content\">T-Shirt-Druck<\/span>\n\t\t\t\t\t\t\t\t\t<\/li>\n\t\t\t\t\t\t\t\t\t\t\t<li>\n\t\t\t\t\t<span class=\"list-icon wd-icon fa fa-check\"><\/span>\n\t\t\t\t\t<span class=\"list-content\">Jacken-Druck<\/span>\n\t\t\t\t\t\t\t\t\t<\/li>\n\t\t\t\t\t\t\t\t\t\t\t<li>\n\t\t\t\t\t<span class=\"list-icon wd-icon fa fa-check\"><\/span>\n\t\t\t\t\t<span class=\"list-content\">Weste-Druck<\/span>\n\t\t\t\t\t\t\t\t\t<\/li>\n\t\t\t\t\t<\/ul>\n\t\t[\/vc_column_inner][vc_column_inner width=&#8221;1\/2&#8243;]\n\t\t<ul class=\" wd-rs-5c1a17cca3d8e wd-list wd-wpb color-scheme- wd-fontsize-xs wd-list-type-icon wd-list-style-default wd-justify-left \" id=\"wd-5c1a17cca3d8e\">\n\t\t\t\t\t\t\t\t\t\t\t<li>\n\t\t\t\t\t<span class=\"list-icon wd-icon fa fa-check\"><\/span>\n\t\t\t\t\t<span class=\"list-content\">Stickerei auf T-Shirts<\/span>\n\t\t\t\t\t\t\t\t\t<\/li>\n\t\t\t\t\t\t\t\t\t\t\t<li>\n\t\t\t\t\t<span class=\"list-icon wd-icon fa fa-check\"><\/span>\n\t\t\t\t\t<span class=\"list-content\">Stickerei auf Kappen<\/span>\n\t\t\t\t\t\t\t\t\t<\/li>\n\t\t\t\t\t\t\t\t\t\t\t<li>\n\t\t\t\t\t<span class=\"list-icon wd-icon fa fa-check\"><\/span>\n\t\t\t\t\t<span class=\"list-content\">Stickerei auf Jacken<\/span>\n\t\t\t\t\t\t\t\t\t<\/li>\n\t\t\t\t\t\t\t\t\t\t\t<li>\n\t\t\t\t\t<span class=\"list-icon wd-icon fa fa-check\"><\/span>\n\t\t\t\t\t<span class=\"list-content\">Stickerei auf dem Mieder<\/span>\n\t\t\t\t\t\t\t\t\t<\/li>\n\t\t\t\t\t<\/ul>\n\t\t[\/vc_column_inner][\/vc_row_inner]<div id=\"wd-69ecd15dbee7f\" class=\" wd-rs-69ecd15dbee7f  wd-button-wrapper text-center\"><a href=\"https:\/\/lmt-gorica.hr\/de\/sortiment\/promo\/\" title=\"\" class=\"btn btn-color-default btn-style-bordered btn-style-rectangle btn-size-default\">Sehen Sie das gesamte Angebot<\/a><\/div>[\/vc_column][\/vc_row]<\/p>\n<\/div>","protected":false},"excerpt":{"rendered":"<p>[vc_row][vc_column][vc_row_inner][vc_column_inner][vc_column_text text_larger=&#8221;no&#8221;]Im Bereich der Textilf\u00f6rderung bieten wir Produkte h\u00f6chster Qualit\u00e4t von renommierten Weltmarken an. Erfreuen Sie Ihre Gesch\u00e4ftspartner oder Mitarbeiter<\/p>\n","protected":false},"author":9,"featured_media":0,"parent":0,"menu_order":0,"comment_status":"closed","ping_status":"closed","template":"","meta":{"footnotes":""},"class_list":["post-4266","page","type-page","status-publish","hentry"],"yoast_head":"<!-- This site is optimized with the Yoast SEO plugin v23.9 - https:\/\/yoast.com\/wordpress\/plugins\/seo\/ -->\n<title>Werbetextilien - LMT Gorica<\/title>\n<meta name=\"robots\" content=\"index, follow, max-snippet:-1, max-image-preview:large, max-video-preview:-1\" \/>\n<link rel=\"canonical\" href=\"https:\/\/lmt-gorica.hr\/de\/werbetextilien\/\" \/>\n<meta property=\"og:locale\" content=\"de_DE\" \/>\n<meta property=\"og:type\" content=\"article\" \/>\n<meta property=\"og:title\" content=\"Werbetextilien - LMT Gorica\" \/>\n<meta property=\"og:description\" content=\"[vc_row][vc_column][vc_row_inner][vc_column_inner][vc_column_text text_larger=&#8221;no&#8221;]Im Bereich der Textilf\u00f6rderung bieten wir Produkte h\u00f6chster Qualit\u00e4t von renommierten Weltmarken an. Erfreuen Sie Ihre Gesch\u00e4ftspartner oder Mitarbeiter\" \/>\n<meta property=\"og:url\" content=\"https:\/\/lmt-gorica.hr\/de\/werbetextilien\/\" \/>\n<meta property=\"og:site_name\" content=\"LMT Gorica\" \/>\n<meta property=\"article:modified_time\" content=\"2026-04-25T14:36:49+00:00\" \/>\n<meta name=\"twitter:card\" content=\"summary_large_image\" \/>\n<meta name=\"twitter:label1\" content=\"Gesch\u00e4tzte Lesezeit\" \/>\n\t<meta name=\"twitter:data1\" content=\"1\u00a0Minute\" \/>\n<script type=\"application\/ld+json\" class=\"yoast-schema-graph\">{\"@context\":\"https:\/\/schema.org\",\"@graph\":[{\"@type\":\"WebPage\",\"@id\":\"https:\/\/lmt-gorica.hr\/de\/werbetextilien\/\",\"url\":\"https:\/\/lmt-gorica.hr\/de\/werbetextilien\/\",\"name\":\"Werbetextilien - LMT Gorica\",\"isPartOf\":{\"@id\":\"https:\/\/lmt-gorica.hr\/#website\"},\"datePublished\":\"2018-10-21T15:07:03+00:00\",\"dateModified\":\"2026-04-25T14:36:49+00:00\",\"breadcrumb\":{\"@id\":\"https:\/\/lmt-gorica.hr\/de\/werbetextilien\/#breadcrumb\"},\"inLanguage\":\"de\",\"potentialAction\":[{\"@type\":\"ReadAction\",\"target\":[\"https:\/\/lmt-gorica.hr\/de\/werbetextilien\/\"]}]},{\"@type\":\"BreadcrumbList\",\"@id\":\"https:\/\/lmt-gorica.hr\/de\/werbetextilien\/#breadcrumb\",\"itemListElement\":[{\"@type\":\"ListItem\",\"position\":1,\"name\":\"Po\u010detna stranica\",\"item\":\"https:\/\/lmt-gorica.hr\/de\/\"},{\"@type\":\"ListItem\",\"position\":2,\"name\":\"Werbetextilien\"}]},{\"@type\":\"WebSite\",\"@id\":\"https:\/\/lmt-gorica.hr\/#website\",\"url\":\"https:\/\/lmt-gorica.hr\/\",\"name\":\"LMT Gorica\",\"description\":\"Strojno vezenje \/ \u0161tikanje, te ostale usluge koje idu uz \u0161tik\",\"potentialAction\":[{\"@type\":\"SearchAction\",\"target\":{\"@type\":\"EntryPoint\",\"urlTemplate\":\"https:\/\/lmt-gorica.hr\/?s={search_term_string}\"},\"query-input\":{\"@type\":\"PropertyValueSpecification\",\"valueRequired\":true,\"valueName\":\"search_term_string\"}}],\"inLanguage\":\"de\"}]}<\/script>\n<!-- \/ Yoast SEO plugin. -->","yoast_head_json":{"title":"Werbetextilien - LMT Gorica","robots":{"index":"index","follow":"follow","max-snippet":"max-snippet:-1","max-image-preview":"max-image-preview:large","max-video-preview":"max-video-preview:-1"},"canonical":"https:\/\/lmt-gorica.hr\/de\/werbetextilien\/","og_locale":"de_DE","og_type":"article","og_title":"Werbetextilien - LMT Gorica","og_description":"[vc_row][vc_column][vc_row_inner][vc_column_inner][vc_column_text text_larger=&#8221;no&#8221;]Im Bereich der Textilf\u00f6rderung bieten wir Produkte h\u00f6chster Qualit\u00e4t von renommierten Weltmarken an. Erfreuen Sie Ihre Gesch\u00e4ftspartner oder Mitarbeiter","og_url":"https:\/\/lmt-gorica.hr\/de\/werbetextilien\/","og_site_name":"LMT Gorica","article_modified_time":"2026-04-25T14:36:49+00:00","twitter_card":"summary_large_image","twitter_misc":{"Gesch\u00e4tzte Lesezeit":"1\u00a0Minute"},"schema":{"@context":"https:\/\/schema.org","@graph":[{"@type":"WebPage","@id":"https:\/\/lmt-gorica.hr\/de\/werbetextilien\/","url":"https:\/\/lmt-gorica.hr\/de\/werbetextilien\/","name":"Werbetextilien - LMT Gorica","isPartOf":{"@id":"https:\/\/lmt-gorica.hr\/#website"},"datePublished":"2018-10-21T15:07:03+00:00","dateModified":"2026-04-25T14:36:49+00:00","breadcrumb":{"@id":"https:\/\/lmt-gorica.hr\/de\/werbetextilien\/#breadcrumb"},"inLanguage":"de","potentialAction":[{"@type":"ReadAction","target":["https:\/\/lmt-gorica.hr\/de\/werbetextilien\/"]}]},{"@type":"BreadcrumbList","@id":"https:\/\/lmt-gorica.hr\/de\/werbetextilien\/#breadcrumb","itemListElement":[{"@type":"ListItem","position":1,"name":"Po\u010detna stranica","item":"https:\/\/lmt-gorica.hr\/de\/"},{"@type":"ListItem","position":2,"name":"Werbetextilien"}]},{"@type":"WebSite","@id":"https:\/\/lmt-gorica.hr\/#website","url":"https:\/\/lmt-gorica.hr\/","name":"LMT Gorica","description":"Strojno vezenje \/ \u0161tikanje, te ostale usluge koje idu uz \u0161tik","potentialAction":[{"@type":"SearchAction","target":{"@type":"EntryPoint","urlTemplate":"https:\/\/lmt-gorica.hr\/?s={search_term_string}"},"query-input":{"@type":"PropertyValueSpecification","valueRequired":true,"valueName":"search_term_string"}}],"inLanguage":"de"}]}},"_links":{"self":[{"href":"https:\/\/lmt-gorica.hr\/de\/wp-json\/wp\/v2\/pages\/4266","targetHints":{"allow":["GET"]}}],"collection":[{"href":"https:\/\/lmt-gorica.hr\/de\/wp-json\/wp\/v2\/pages"}],"about":[{"href":"https:\/\/lmt-gorica.hr\/de\/wp-json\/wp\/v2\/types\/page"}],"author":[{"embeddable":true,"href":"https:\/\/lmt-gorica.hr\/de\/wp-json\/wp\/v2\/users\/9"}],"replies":[{"embeddable":true,"href":"https:\/\/lmt-gorica.hr\/de\/wp-json\/wp\/v2\/comments?post=4266"}],"version-history":[{"count":3,"href":"https:\/\/lmt-gorica.hr\/de\/wp-json\/wp\/v2\/pages\/4266\/revisions"}],"predecessor-version":[{"id":5068,"href":"https:\/\/lmt-gorica.hr\/de\/wp-json\/wp\/v2\/pages\/4266\/revisions\/5068"}],"wp:attachment":[{"href":"https:\/\/lmt-gorica.hr\/de\/wp-json\/wp\/v2\/media?parent=4266"}],"curies":[{"name":"wp","href":"https:\/\/api.w.org\/{rel}","templated":true}]}}