{"id":4275,"date":"2017-06-26T14:07:05","date_gmt":"2017-06-26T12:07:05","guid":{"rendered":"https:\/\/lmt-gorica.hr\/kontakt\/"},"modified":"2020-03-13T10:00:52","modified_gmt":"2020-03-13T09:00:52","slug":"kontakt","status":"publish","type":"page","link":"https:\/\/lmt-gorica.hr\/de\/kontakt\/","title":{"rendered":"Kontakt"},"content":{"rendered":"<div class=\"wpb-content-wrapper\"><p>[vc_row full_width=&#8221;stretch_row_content_no_spaces&#8221; css_animation=&#8221;none&#8221; css=&#8221;.vc_custom_1496927007057{margin-top: -40px !important;margin-bottom: 8vh !important;}&#8221;][vc_column][vc_raw_html]JTNDaWZyYW1lJTIwd2lkdGglM0QlMjIxMDAlMjUlMjIlMjBoZWlnaHQlM0QlMjI0NDAlMjIlMjBzcmMlM0QlMjJodHRwcyUzQSUyRiUyRm1hcHMuZ29vZ2xlLmNvbSUyRm1hcHMlM0Z3aWR0aCUzRDEwMCUyNmFtcCUzQmhlaWdodCUzRDQ0MCUyNmFtcCUzQmhsJTNEZW4lMjZhbXAlM0JxJTNEQS5LLk1pbyUyNUM1JTI1QTFpJTI1QzQlMjU4N2ElMjUyMDU0JTI1MjAxMDQxMCUyNTIwVmVsaWthJTI1MjBHb3JpY2ElMkIlMjhUaXRsZSUyOSUyNmFtcCUzQmllJTNEVVRGOCUyNmFtcCUzQnQlM0QlMjZhbXAlM0J6JTNEMTYlMjZhbXAlM0Jpd2xvYyUzREIlMjZhbXAlM0JvdXRwdXQlM0RlbWJlZCUyMiUyMGZyYW1lYm9yZGVyJTNEJTIyMCUyMiUyMHNjcm9sbGluZyUzRCUyMm5vJTIyJTIwbWFyZ2luaGVpZ2h0JTNEJTIyMCUyMiUyMG1hcmdpbndpZHRoJTNEJTIyMCUyMiUzRSUzQyUyRmlmcmFtZSUzRQ==[\/vc_raw_html][\/vc_column][\/vc_row][vc_row equal_height=&#8221;yes&#8221; css_animation=&#8221;none&#8221; css=&#8221;.vc_custom_1496926452255{margin-right: -50px !important;margin-left: -50px !important;}&#8221;][vc_column css=&#8221;.vc_custom_1496927710186{border-right-width: 1px !important;padding-top: 20px !important;padding-right: 50px !important;padding-bottom: 10px !important;padding-left: 50px !important;border-right-color: #e8e8e8 !important;border-right-style: solid !important;}&#8221; offset=&#8221;vc_col-lg-6 vc_col-md-6&#8243;]\n\t\t<div id=\"wd-5c1a209da0a03\" class=\"title-wrapper wd-wpb set-mb-s reset-last-child  wd-rs-5c1a209da0a03 wd-title-color-default wd-title-style-default text-left  wd-underline-colored\">\n\t\t\t\t\t\t\t<div class=\"title-subtitle  subtitle-color-default font-default subtitle-style-default wd-font-weight- wd-fontsize-xs\">Rechtliche Hinweise<\/div>\n\t\t\t\n\t\t\t<div class=\"liner-continer\">\n\t\t\t\t<h4 class=\"woodmart-title-container title  wd-font-weight- wd-fontsize-l\" >LMT Gorica d.o.o.<\/h4>\n\t\t\t\t\t\t\t<\/div>\n\t\t\t\n\t\t\t\n\t\t\t\n\t\t<\/div>\n\t\t\n\t\t[vc_column_text text_larger=&#8221;no&#8221;]A.K.Mio\u0161i\u0107a 54<br \/>\n10410 Velika Gorica<br \/>\nHrvatska (Kroatien)<\/p>\n<p><strong>MBS:<\/strong> 1384562<br \/>\n<strong>ID:<\/strong> 54129054251<\/p>\n<p>Eingetragen beim Handelsgericht in Zagreb<\/p>\n<p><strong>Kernkapital:<\/strong> 191.100,00 HRK, in voller H\u00f6he gezahlt<br \/>\n<strong>Direktor:<\/strong> Tomislav Kos<\/p>\n<p><strong>IBAN:<\/strong><\/p>\n<div class=\"row-col-3\">\n<p><strong>ZAGREBA\u010cKA BANKA d.d. Zagreb<br \/>\n<\/strong>HR8623600001101314803<\/p>\n<\/div>\n<p>[\/vc_column_text][\/vc_column][vc_column css=&#8221;.vc_custom_1496927688909{padding-top: 20px !important;padding-right: 50px !important;padding-bottom: 10px !important;padding-left: 50px !important;}&#8221; offset=&#8221;vc_col-lg-6 vc_col-md-6&#8243;]\n\t\t<div id=\"wd-5c1a1ff4c1277\" class=\"title-wrapper wd-wpb set-mb-s reset-last-child  wd-rs-5c1a1ff4c1277 wd-title-color-default wd-title-style-default text-left  wd-underline-colored\">\n\t\t\t\t\t\t\t<div class=\"title-subtitle  subtitle-color-default font-default subtitle-style-default wd-font-weight- wd-fontsize-xs\">Kontaktieren Sie uns Haben Sie Fragen und ben\u00f6tigen eine schnelle und genaue Antwort? Senden Sie uns eine Anfrage \u00fcber das Formular und wir werden Ihre Fragen so schnell wie m\u00f6glich beantworten.<\/div>\n\t\t\t\n\t\t\t<div class=\"liner-continer\">\n\t\t\t\t<h4 class=\"woodmart-title-container title  wd-font-weight- wd-fontsize-l\" >Senden Sie uns eine Anfrage<\/h4>\n\t\t\t\t\t\t\t<\/div>\n\t\t\t\n\t\t\t\n\t\t\t\n\t\t<\/div>\n\t\t\n\t\t[vc_column_text text_larger=&#8221;no&#8221;]<div data-uniq='69f621a947f0a' class='uniq-69f621a947f0a formcraft-css form-live align-left'><div class='form-logic'>[]<\/div><div class=\"fc-pagination-cover fc-pagination-1\">\n\t\t\t\t<div class=\"fc-pagination\" style=\"width: 100%\">\n\t\t\t\t\t<div class=\"pagination-trigger \" data-index=\"0\">\n\t\t\t\t\t\t<span class=\"page-number\"><span >1<\/span><\/span>\n\t\t\t\t\t\t<span class=\"page-name \">Step 1<\/span>\n\t\t\t\t\t\t\n\t\t\t\t\t<\/div>\n\t\t\t\t<\/div>\n\t\t\t<\/div>\n\t\t\t\n\t\t\t<style scoped=\"scoped\" >\n\t\t\t@media (max-width : 480px) {\n\t\t\t\t.fc_modal-dialog-6 .fc-pagination-cover .fc-pagination\n\t\t\t\t{\n\t\t\t\t\tbackground-color: none !important;\n\t\t\t\t}\n\t\t\t}\n\t\t\t\t\t\t.formcraft-css .fc-form.fc-form-6 .form-element .submit-cover .submit-button,\n\t\t\t.formcraft-css .fc-form.fc-form-6 .form-element .fileupload-cover .button-file,\n\t\t\t.formcraft-css .fc-form.fc-form-6 .form-element .field-cover .button,\n\t\t\t.formcraft-datepicker .ui-datepicker-header,\n\t\t\t.formcraft-datepicker .ui-datepicker-title\n\t\t\t{\n\t\t\t\tbackground: #222222;\n\t\t\t\tcolor: #fff;\n\t\t\t}\n\t\t\t.formcraft-datepicker td .ui-state-active,\n\t\t\t.formcraft-datepicker td .ui-state-hover,\n\t\t\t.formcraft-css .fc-form.fc-form-6 .form-element .slider-cover .ui-slider-range\n\t\t\t{\n\t\t\t\tbackground: #222222;\n\t\t\t}\n\t\t\t#ui-datepicker-div.formcraft-datepicker .ui-datepicker-header,\n\t\t\t.formcraft-css .fc-form .field-cover>div.full hr\n\t\t\t{\n\t\t\t\tborder-color: #1d1d1d;\n\t\t\t}\n\t\t\t#ui-datepicker-div.formcraft-datepicker .ui-datepicker-prev:hover,\n\t\t\t#ui-datepicker-div.formcraft-datepicker .ui-datepicker-next:hover,\n\t\t\t#ui-datepicker-div.formcraft-datepicker select.ui-datepicker-month:hover,\n\t\t\t#ui-datepicker-div.formcraft-datepicker select.ui-datepicker-year:hover\n\t\t\t{\n\t\t\t\tbackground-color: #1d1d1d;\n\t\t\t}\n\t\t\t.formcraft-css .fc-pagination>div.active .page-number,\n\t\t\t.formcraft-css .form-cover-builder .fc-pagination>div:first-child .page-number\n\t\t\t{\n\t\t\t\tbackground-color: #222222;\n\t\t\t\tcolor: #fff;\n\t\t\t}\n\t\t\t#ui-datepicker-div.formcraft-datepicker table.ui-datepicker-calendar th,\n\t\t\t#ui-datepicker-div.formcraft-datepicker table.ui-datepicker-calendar td.ui-datepicker-today a,\n\t\t\t.formcraft-css .fc-form.fc-form-6 .form-element .star-cover label,\n\t\t\thtml .formcraft-css .fc-form.label-floating .form-element .field-cover.has-focus>span,\n\t\t\t.formcraft-css .fc-form.fc-form-6 .form-element .customText-cover a,\n\t\t\t.formcraft-css .prev-next>div span:hover\n\t\t\t{\n\t\t\t\tcolor: #222222;\n\t\t\t}\n\t\t\t.formcraft-css .fc-form.fc-form-6 .form-element .customText-cover a:hover\n\t\t\t{\n\t\t\t\tcolor: #1d1d1d;\n\t\t\t}\n\t\t\thtml .formcraft-css .fc-form.fc-form-6.label-floating .form-element .field-cover > span\n\t\t\t{\n\t\t\t\tcolor: #666666;\n\t\t\t}\n\t\t\thtml .formcraft-css .fc-form .final-success .final-success-check {\n\t\t\t\tborder: 2px solid #666666;\n\t\t\t}\n\t\t\t.formcraft-css .fc-form.fc-form-6 .form-element .field-cover input[type=\"text\"],\n\t\t\t.formcraft-css .fc-form.fc-form-6 .form-element .field-cover input[type=\"email\"],\n\t\t\t.formcraft-css .fc-form.fc-form-6 .form-element .field-cover input[type=\"password\"],\n\t\t\t.formcraft-css .fc-form.fc-form-6 .form-element .field-cover input[type=\"tel\"],\n\t\t\t.formcraft-css .fc-form.fc-form-6 .form-element .field-cover textarea,\n\t\t\t.formcraft-css .fc-form.fc-form-6 .form-element .field-cover select,\n\t\t\t.formcraft-css .fc-form.fc-form-6 .form-element .field-cover .time-fields-cover,\n\t\t\t.formcraft-css .fc-form.fc-form-6 .form-element .field-cover .awesomplete ul\n\t\t\t{\n\t\t\t\tcolor: #777;\n\t\t\t}\n\t\t\t.formcraft-css .fc-form.fc-form-6 .form-element .field-cover input[type=\"text\"],\n\t\t\t.formcraft-css .fc-form.fc-form-6 .form-element .field-cover input[type=\"password\"],\n\t\t\t.formcraft-css .fc-form.fc-form-6 .form-element .field-cover input[type=\"email\"],\n\t\t\t.formcraft-css .fc-form.fc-form-6 .form-element .field-cover input[type=\"radio\"],\n\t\t\t.formcraft-css .fc-form.fc-form-6 .form-element .field-cover input[type=\"checkbox\"],\n\t\t\t.formcraft-css .fc-form.fc-form-6 .form-element .field-cover input[type=\"tel\"],\n\t\t\t.formcraft-css .fc-form.fc-form-6 .form-element .field-cover select,\n\t\t\t.formcraft-css .fc-form.fc-form-6 .form-element .field-cover textarea\n\t\t\t{\n\t\t\t\tbackground-color: #fafafa;\n\t\t\t}\n\t\t\t.formcraft-css .fc-form.fc-form-6 .form-element .field-cover input[type=\"radio\"]:checked,\n\t\t\t.formcraft-css .fc-form.fc-form-6 .form-element .field-cover input[type=\"checkbox\"]:checked {\n\t\t\t\tborder-color: #1d1d1d;\n\t\t\t\tbackground: #222222;\t\t\t\t\n\t\t\t}\n\t\t\t.formcraft-css .fc-form.fc-form-6 .form-element .star-cover label .star\n\t\t\t{\n\t\t\t\ttext-shadow: 0px 1px 0px #1d1d1d;\n\t\t\t}\n\t\t\t.formcraft-css .fc-form.fc-form-6 .form-element .slider-cover .ui-slider-range\n\t\t\t{\n\t\t\t\tbox-shadow: 0px 1px 1px #1d1d1d inset;\n\t\t\t}\n\t\t\t.formcraft-css .fc-form.fc-form-6 .form-element .fileupload-cover .button-file\n\t\t\t{\n\t\t\t\tborder-color: #1d1d1d;\n\t\t\t}\n\t\t\t.formcraft-css .fc-form.fc-form-6 .form-element .form-element-html input[type=\"password\"]:focus,\n\t\t\t.formcraft-css .fc-form.fc-form-6 .form-element .form-element-html input[type=\"email\"]:focus,\n\t\t\t.formcraft-css .fc-form.fc-form-6 .form-element .form-element-html input[type=\"tel\"]:focus,\n\t\t\t.formcraft-css .fc-form.fc-form-6 .form-element .form-element-html input[type=\"text\"]:focus,\n\t\t\t.formcraft-css .fc-form.fc-form-6 .form-element .form-element-html textarea:focus,\n\t\t\t.formcraft-css .fc-form.fc-form-6 .form-element .form-element-html select:focus\n\t\t\t{\n\t\t\t\tborder-color: #222222;\n\t\t\t}\n\t\t\t.formcraft-css .fc-form.fc-form-6 .form-element .form-element-html .field-cover .is-read-only:focus {\n\t\t\t\tborder-color: #ccc;\n\t\t\t}\n\t\t\t.formcraft-css .fc-form.fc-form-6\t\t\t{\n\t\t\t\tfont-family: inherit;\n\t\t\t}\n\t\t\t@media (max-width : 480px) {\n\t\t\t\thtml .dedicated-page,\n\t\t\t\thtml .dedicated-page .formcraft-css .fc-pagination > div.active\n\t\t\t\t{\n\t\t\t\t\tbackground: none;\n\t\t\t\t}\n\t\t\t}\n\t\t<\/style>\n\t\t<div class=\"form-cover\">\n\t\t\t<form data-thousand=\"\" data-decimal=\".\" data-delay=\"\" data-id=\"6\" class=\"fc-form fc-form-6 align- fc-temp-class spin- save-form- dont-submit-hidden- disable-enter- label-block field-border-hidden frame-hidden remove-asterisk-true icons-hide-true field-alignment-left  \" style=\"width: 100%; color: #666666; font-size: 100%; background: none\">\n\t\t\t\t<div class=\"form-page form-page-0\" data-index=\"0\">\n\t\t\t\t\t\n\t\t\t\t\t<div class=\"form-page-content     \">\n\t\t\t\t\t\t<div data-identifier=\"field1\" data-index=\"0\" style=\"width: 100%\" class=\" form-element form-element-field1 options-false index-false form-element-0 default-false form-element-type-oneLineText is-required-true odd -handle\">\n\t\t\t\t\t\t\t<div class=\"form-element-html\"><div ><div class=\"oneLineText-cover field-cover \"><span class=\"sub-label-false\"><span class=\"main-label\"><span >Vor- und Famillienname:<\/span><\/span><span class=\"sub-label\"><\/span><\/span><div><span class=\"error\"><\/span><input type=\"text\" placeholder=\"\" make-read-only=\"false\" data-field-id=\"field1\" name=\"field1[]\" data-min-char=\"\" data-max-char=\"\" data-val-type=\"\" data-regexp=\"\" data-is-required=\"true\" data-allow-spaces=\"true\" class=\"validation-lenient\" data-placement=\"right\" data-toggle=\"tooltip\" tooltip=\"\" data-trigger=\"focus\" data-html=\"true\" data-input-mask=\"\" data-mask-placeholder=\"\" data-original-title=\"\"><i class=\"formcraft-icon formcraft-icon-type-\"><\/i><\/div><\/div><\/div><\/div>\n\t\t\t\t\t\t\t\n\t\t\t\t\t\t<\/div><div data-identifier=\"field2\" data-index=\"1\" style=\"width: 100%\" class=\" even form-element form-element-field2 form-element-1 default-false form-element-type-email is-required-true -handle options-false index-false\">\n\t\t\t\t\t\t\t<div class=\"form-element-html\"><div ><div class=\"email-cover field-cover \"><span class=\"sub-label-true\"><span class=\"main-label\"><span >Email:<\/span><\/span><span class=\"sub-label\"><\/span><\/span><div><span class=\"error\"><\/span><input placeholder=\"\" data-field-id=\"field2\" type=\"text\" data-val-type=\"email\" make-read-only=\"\" data-is-required=\"true\" name=\"field2\" class=\"validation-lenient\" data-placement=\"right\" data-toggle=\"tooltip\" tooltip=\"\" data-trigger=\"focus\" data-html=\"true\" data-original-title=\"\"><i class=\"formcraft-icon\">email<\/i><\/div><\/div><\/div><\/div>\n\t\t\t\t\t\t\t\n\t\t\t\t\t\t<\/div><div data-identifier=\"field3\" data-index=\"2\" style=\"width: 100%\" class=\" form-element form-element-field3 options-false index-false form-element-2 default-false form-element-type-textarea is-required-true odd -handle\">\n\t\t\t\t\t\t\t<div class=\"form-element-html\"><div ><div class=\"textarea-cover field-cover \"><span class=\"sub-label-false\"><span class=\"main-label\"><span >Anfrage:<\/span><\/span><span class=\"sub-label\"><\/span><\/span><div><span class=\"error\"><\/span><textarea data-field-id=\"field3\" placeholder=\"\" class=\"validation-lenient\" name=\"field3\" value=\"\" rows=\"5\" data-min-char=\"\" data-max-char=\"\" data-is-required=\"true\" data-placement=\"right\" data-toggle=\"tooltip\" tooltip=\"\" data-trigger=\"focus\" data-html=\"true\" data-original-title=\"\" style=\"min-height: 108px\"><\/textarea><div class=\"count-\"><span class=\"current-count\">0<\/span> \/ <span class=\"max-count \"><\/span><\/div><\/div><\/div><\/div><\/div>\n\t\t\t\t\t\t\t\n\t\t\t\t\t\t<\/div><div data-identifier=\"field4\" data-index=\"3\" style=\"width: 100%\" class=\" even form-element form-element-field4 options-false index-false form-element-3 default-false form-element-type-submit is-required-false -handle\">\n\t\t\t\t\t\t\t<div class=\"form-element-html\"><div ><div class=\"align-right wide-false submit-cover field-cover\"><button type=\"submit\" class=\"button submit-button\"><span class=\"text \">Senden<\/span><span class=\"spin-cover\"><i style=\"color:\" class=\"loading-icon icon-cog animate-spin\"><\/i><\/span><\/button><\/div><div class=\"submit-response \"><\/div><input type=\"text\" class=\"required_field \" name=\"website\" autocomplete=\"maple-syrup-pot\"><\/div><\/div>\n\t\t\t\t\t\t\t\n\t\t\t\t\t\t<\/div>\n\t\t\t\t\t<\/div>\n\t\t\t\t<\/div>\n\t\t\t<\/form>\n\t\t\t<div class=\"prev-next prev-next-1\" style=\"width: 100%; color: #666666; font-size: 100%; background: none\">\n\t\t\t\t<div><input type=\"text\" class=\"  \"><span class=\"inactive page-prev \"><i class=\"formcraft-icon\">keyboard_arrow_left<\/i>Previous<\/span><\/div>\n\t\t\t\t<div><input type=\"text\" class=\"  \"><span class=\"page-next \">Next<i class=\"formcraft-icon\">keyboard_arrow_right<\/i><\/span><\/div>\n\t\t\t<\/div>\n\t\t<\/div><a class=\"powered-by\" target=\"_blank\" href=\"http:\/\/formcraft-wp.com?source=pb\"\/>FormCraft - WordPress form builder<\/a><\/div>[\/vc_column_text][\/vc_column][\/vc_row]<\/p>\n<\/div>","protected":false},"excerpt":{"rendered":"<p>[vc_row full_width=&#8221;stretch_row_content_no_spaces&#8221; css_animation=&#8221;none&#8221; css=&#8221;.vc_custom_1496927007057{margin-top: -40px !important;margin-bottom: 8vh !important;}&#8221;][vc_column][vc_raw_html]JTNDaWZyYW1lJTIwd2lkdGglM0QlMjIxMDAlMjUlMjIlMjBoZWlnaHQlM0QlMjI0NDAlMjIlMjBzcmMlM0QlMjJodHRwcyUzQSUyRiUyRm1hcHMuZ29vZ2xlLmNvbSUyRm1hcHMlM0Z3aWR0aCUzRDEwMCUyNmFtcCUzQmhlaWdodCUzRDQ0MCUyNmFtcCUzQmhsJTNEZW4lMjZhbXAlM0JxJTNEQS5LLk1pbyUyNUM1JTI1QTFpJTI1QzQlMjU4N2ElMjUyMDU0JTI1MjAxMDQxMCUyNTIwVmVsaWthJTI1MjBHb3JpY2ElMkIlMjhUaXRsZSUyOSUyNmFtcCUzQmllJTNEVVRGOCUyNmFtcCUzQnQlM0QlMjZhbXAlM0J6JTNEMTYlMjZhbXAlM0Jpd2xvYyUzREIlMjZhbXAlM0JvdXRwdXQlM0RlbWJlZCUyMiUyMGZyYW1lYm9yZGVyJTNEJTIyMCUyMiUyMHNjcm9sbGluZyUzRCUyMm5vJTIyJTIwbWFyZ2luaGVpZ2h0JTNEJTIyMCUyMiUyMG1hcmdpbndpZHRoJTNEJTIyMCUyMiUzRSUzQyUyRmlmcmFtZSUzRQ==[\/vc_raw_html][\/vc_column][\/vc_row][vc_row equal_height=&#8221;yes&#8221; css_animation=&#8221;none&#8221; css=&#8221;.vc_custom_1496926452255{margin-right: -50px !important;margin-left: -50px !important;}&#8221;][vc_column css=&#8221;.vc_custom_1496927710186{border-right-width: 1px !important;padding-top: 20px !important;padding-right:<\/p>\n","protected":false},"author":9,"featured_media":0,"parent":0,"menu_order":0,"comment_status":"closed","ping_status":"closed","template":"","meta":{"footnotes":""},"class_list":["post-4275","page","type-page","status-publish","hentry"],"yoast_head":"<!-- This site is optimized with the Yoast SEO plugin v23.9 - https:\/\/yoast.com\/wordpress\/plugins\/seo\/ -->\n<title>Kontakt - LMT Gorica<\/title>\n<meta name=\"robots\" content=\"index, follow, max-snippet:-1, max-image-preview:large, max-video-preview:-1\" \/>\n<link rel=\"canonical\" href=\"https:\/\/lmt-gorica.hr\/kontakt\/\" \/>\n<meta property=\"og:locale\" content=\"de_DE\" \/>\n<meta property=\"og:type\" content=\"article\" \/>\n<meta property=\"og:title\" content=\"Kontakt - LMT Gorica\" \/>\n<meta property=\"og:description\" content=\"[vc_row full_width=&#8221;stretch_row_content_no_spaces&#8221; css_animation=&#8221;none&#8221; css=&#8221;.vc_custom_1496927007057{margin-top: -40px !important;margin-bottom: 8vh !important;}&#8221;][vc_column][vc_raw_html]JTNDaWZyYW1lJTIwd2lkdGglM0QlMjIxMDAlMjUlMjIlMjBoZWlnaHQlM0QlMjI0NDAlMjIlMjBzcmMlM0QlMjJodHRwcyUzQSUyRiUyRm1hcHMuZ29vZ2xlLmNvbSUyRm1hcHMlM0Z3aWR0aCUzRDEwMCUyNmFtcCUzQmhlaWdodCUzRDQ0MCUyNmFtcCUzQmhsJTNEZW4lMjZhbXAlM0JxJTNEQS5LLk1pbyUyNUM1JTI1QTFpJTI1QzQlMjU4N2ElMjUyMDU0JTI1MjAxMDQxMCUyNTIwVmVsaWthJTI1MjBHb3JpY2ElMkIlMjhUaXRsZSUyOSUyNmFtcCUzQmllJTNEVVRGOCUyNmFtcCUzQnQlM0QlMjZhbXAlM0J6JTNEMTYlMjZhbXAlM0Jpd2xvYyUzREIlMjZhbXAlM0JvdXRwdXQlM0RlbWJlZCUyMiUyMGZyYW1lYm9yZGVyJTNEJTIyMCUyMiUyMHNjcm9sbGluZyUzRCUyMm5vJTIyJTIwbWFyZ2luaGVpZ2h0JTNEJTIyMCUyMiUyMG1hcmdpbndpZHRoJTNEJTIyMCUyMiUzRSUzQyUyRmlmcmFtZSUzRQ==[\/vc_raw_html][\/vc_column][\/vc_row][vc_row equal_height=&#8221;yes&#8221; css_animation=&#8221;none&#8221; css=&#8221;.vc_custom_1496926452255{margin-right: -50px !important;margin-left: -50px !important;}&#8221;][vc_column css=&#8221;.vc_custom_1496927710186{border-right-width: 1px !important;padding-top: 20px !important;padding-right:\" \/>\n<meta property=\"og:url\" content=\"https:\/\/lmt-gorica.hr\/kontakt\/\" \/>\n<meta property=\"og:site_name\" content=\"LMT Gorica\" \/>\n<meta property=\"article:modified_time\" content=\"2020-03-13T09:00:52+00:00\" \/>\n<meta name=\"twitter:card\" content=\"summary_large_image\" \/>\n<meta name=\"twitter:label1\" content=\"Gesch\u00e4tzte Lesezeit\" \/>\n\t<meta name=\"twitter:data1\" content=\"1\u00a0Minute\" \/>\n<script type=\"application\/ld+json\" class=\"yoast-schema-graph\">{\"@context\":\"https:\/\/schema.org\",\"@graph\":[{\"@type\":\"WebPage\",\"@id\":\"https:\/\/lmt-gorica.hr\/kontakt\/\",\"url\":\"https:\/\/lmt-gorica.hr\/kontakt\/\",\"name\":\"Kontakt - LMT Gorica\",\"isPartOf\":{\"@id\":\"https:\/\/lmt-gorica.hr\/#website\"},\"datePublished\":\"2017-06-26T12:07:05+00:00\",\"dateModified\":\"2020-03-13T09:00:52+00:00\",\"breadcrumb\":{\"@id\":\"https:\/\/lmt-gorica.hr\/kontakt\/#breadcrumb\"},\"inLanguage\":\"de\",\"potentialAction\":[{\"@type\":\"ReadAction\",\"target\":[\"https:\/\/lmt-gorica.hr\/kontakt\/\"]}]},{\"@type\":\"BreadcrumbList\",\"@id\":\"https:\/\/lmt-gorica.hr\/kontakt\/#breadcrumb\",\"itemListElement\":[{\"@type\":\"ListItem\",\"position\":1,\"name\":\"Po\u010detna stranica\",\"item\":\"https:\/\/lmt-gorica.hr\/de\/\"},{\"@type\":\"ListItem\",\"position\":2,\"name\":\"Kontakt\"}]},{\"@type\":\"WebSite\",\"@id\":\"https:\/\/lmt-gorica.hr\/#website\",\"url\":\"https:\/\/lmt-gorica.hr\/\",\"name\":\"LMT Gorica\",\"description\":\"Strojno vezenje \/ \u0161tikanje, te ostale usluge koje idu uz \u0161tik\",\"potentialAction\":[{\"@type\":\"SearchAction\",\"target\":{\"@type\":\"EntryPoint\",\"urlTemplate\":\"https:\/\/lmt-gorica.hr\/?s={search_term_string}\"},\"query-input\":{\"@type\":\"PropertyValueSpecification\",\"valueRequired\":true,\"valueName\":\"search_term_string\"}}],\"inLanguage\":\"de\"}]}<\/script>\n<!-- \/ Yoast SEO plugin. -->","yoast_head_json":{"title":"Kontakt - LMT Gorica","robots":{"index":"index","follow":"follow","max-snippet":"max-snippet:-1","max-image-preview":"max-image-preview:large","max-video-preview":"max-video-preview:-1"},"canonical":"https:\/\/lmt-gorica.hr\/kontakt\/","og_locale":"de_DE","og_type":"article","og_title":"Kontakt - LMT Gorica","og_description":"[vc_row full_width=&#8221;stretch_row_content_no_spaces&#8221; css_animation=&#8221;none&#8221; css=&#8221;.vc_custom_1496927007057{margin-top: -40px !important;margin-bottom: 8vh !important;}&#8221;][vc_column][vc_raw_html]JTNDaWZyYW1lJTIwd2lkdGglM0QlMjIxMDAlMjUlMjIlMjBoZWlnaHQlM0QlMjI0NDAlMjIlMjBzcmMlM0QlMjJodHRwcyUzQSUyRiUyRm1hcHMuZ29vZ2xlLmNvbSUyRm1hcHMlM0Z3aWR0aCUzRDEwMCUyNmFtcCUzQmhlaWdodCUzRDQ0MCUyNmFtcCUzQmhsJTNEZW4lMjZhbXAlM0JxJTNEQS5LLk1pbyUyNUM1JTI1QTFpJTI1QzQlMjU4N2ElMjUyMDU0JTI1MjAxMDQxMCUyNTIwVmVsaWthJTI1MjBHb3JpY2ElMkIlMjhUaXRsZSUyOSUyNmFtcCUzQmllJTNEVVRGOCUyNmFtcCUzQnQlM0QlMjZhbXAlM0J6JTNEMTYlMjZhbXAlM0Jpd2xvYyUzREIlMjZhbXAlM0JvdXRwdXQlM0RlbWJlZCUyMiUyMGZyYW1lYm9yZGVyJTNEJTIyMCUyMiUyMHNjcm9sbGluZyUzRCUyMm5vJTIyJTIwbWFyZ2luaGVpZ2h0JTNEJTIyMCUyMiUyMG1hcmdpbndpZHRoJTNEJTIyMCUyMiUzRSUzQyUyRmlmcmFtZSUzRQ==[\/vc_raw_html][\/vc_column][\/vc_row][vc_row equal_height=&#8221;yes&#8221; css_animation=&#8221;none&#8221; css=&#8221;.vc_custom_1496926452255{margin-right: -50px !important;margin-left: -50px !important;}&#8221;][vc_column css=&#8221;.vc_custom_1496927710186{border-right-width: 1px !important;padding-top: 20px !important;padding-right:","og_url":"https:\/\/lmt-gorica.hr\/kontakt\/","og_site_name":"LMT Gorica","article_modified_time":"2020-03-13T09:00:52+00:00","twitter_card":"summary_large_image","twitter_misc":{"Gesch\u00e4tzte Lesezeit":"1\u00a0Minute"},"schema":{"@context":"https:\/\/schema.org","@graph":[{"@type":"WebPage","@id":"https:\/\/lmt-gorica.hr\/kontakt\/","url":"https:\/\/lmt-gorica.hr\/kontakt\/","name":"Kontakt - LMT Gorica","isPartOf":{"@id":"https:\/\/lmt-gorica.hr\/#website"},"datePublished":"2017-06-26T12:07:05+00:00","dateModified":"2020-03-13T09:00:52+00:00","breadcrumb":{"@id":"https:\/\/lmt-gorica.hr\/kontakt\/#breadcrumb"},"inLanguage":"de","potentialAction":[{"@type":"ReadAction","target":["https:\/\/lmt-gorica.hr\/kontakt\/"]}]},{"@type":"BreadcrumbList","@id":"https:\/\/lmt-gorica.hr\/kontakt\/#breadcrumb","itemListElement":[{"@type":"ListItem","position":1,"name":"Po\u010detna stranica","item":"https:\/\/lmt-gorica.hr\/de\/"},{"@type":"ListItem","position":2,"name":"Kontakt"}]},{"@type":"WebSite","@id":"https:\/\/lmt-gorica.hr\/#website","url":"https:\/\/lmt-gorica.hr\/","name":"LMT Gorica","description":"Strojno vezenje \/ \u0161tikanje, te ostale usluge koje idu uz \u0161tik","potentialAction":[{"@type":"SearchAction","target":{"@type":"EntryPoint","urlTemplate":"https:\/\/lmt-gorica.hr\/?s={search_term_string}"},"query-input":{"@type":"PropertyValueSpecification","valueRequired":true,"valueName":"search_term_string"}}],"inLanguage":"de"}]}},"_links":{"self":[{"href":"https:\/\/lmt-gorica.hr\/de\/wp-json\/wp\/v2\/pages\/4275","targetHints":{"allow":["GET"]}}],"collection":[{"href":"https:\/\/lmt-gorica.hr\/de\/wp-json\/wp\/v2\/pages"}],"about":[{"href":"https:\/\/lmt-gorica.hr\/de\/wp-json\/wp\/v2\/types\/page"}],"author":[{"embeddable":true,"href":"https:\/\/lmt-gorica.hr\/de\/wp-json\/wp\/v2\/users\/9"}],"replies":[{"embeddable":true,"href":"https:\/\/lmt-gorica.hr\/de\/wp-json\/wp\/v2\/comments?post=4275"}],"version-history":[{"count":6,"href":"https:\/\/lmt-gorica.hr\/de\/wp-json\/wp\/v2\/pages\/4275\/revisions"}],"predecessor-version":[{"id":4438,"href":"https:\/\/lmt-gorica.hr\/de\/wp-json\/wp\/v2\/pages\/4275\/revisions\/4438"}],"wp:attachment":[{"href":"https:\/\/lmt-gorica.hr\/de\/wp-json\/wp\/v2\/media?parent=4275"}],"curies":[{"name":"wp","href":"https:\/\/api.w.org\/{rel}","templated":true}]}}