{"id":4292,"date":"2018-10-19T22:07:11","date_gmt":"2018-10-19T20:07:11","guid":{"rendered":"https:\/\/lmt-gorica.hr\/o-nama\/"},"modified":"2019-01-23T11:30:47","modified_gmt":"2019-01-23T10:30:47","slug":"uber-uns","status":"publish","type":"page","link":"https:\/\/lmt-gorica.hr\/de\/uber-uns\/","title":{"rendered":"\u00dcber Uns"},"content":{"rendered":"<div class=\"wpb-content-wrapper\"><p>[vc_row][vc_column][vc_row_inner][vc_column_inner][vc_single_image image=&#8221;3348&#8243; img_size=&#8221;full&#8221; parallax_scroll=&#8221;no&#8221;][vc_column_text text_larger=&#8221;no&#8221;]Die Firma LMT Gorica wurde 1990 in Velika Gorica gegr\u00fcndet, als die erste Stickmaschine gekauft wurde. Mit dieser Maschine wurden in- und ausl\u00e4ndische M\u00e4rkte betrieben. Anfangs lag der Fokus des Deals auf dem Export als Teil der gr\u00f6\u00dferen Textilunternehmen, die sie f\u00fcr ausl\u00e4ndische K\u00e4ufer produzierten. LMT Gorica hat Wissen und Erfahrung aufgrund hoher Anforderungen an Qualit\u00e4t, Pr\u00e4zision und Termintreue erworben.<\/p>\n<p>Anfang des Jahres 2000 \u00e4nderte sich die Marktsituation, die Nachfrage aus dem Ausland ging zur\u00fcck und die Binnennachfrage stieg. Aufgrund dieser Inlandsnachfrage wurden zwei weitere Maschinen zur Sanierung und Modernisierung des Parks gekauft. Das Arbeitsvolumen f\u00fcr inl\u00e4ndische K\u00e4ufer ist zwar geringer, daf\u00fcr aber h\u00e4ufiger, was eine erh\u00f6hte Flexibilit\u00e4t erforderlich machte, die durch die Einf\u00fchrung des Programmdesign-Services innerhalb von LMT Gorica und die Nutzung der bisher gesammelten Kenntnisse und Erfahrungen angepasst wurde.<\/p>\n<p>Seit 2006 wird der Verkauf von Textilprodukten f\u00fcr Stickereien, Arbeitsbekleidung und Schuhe eingef\u00fchrt, wodurch das Angebot f\u00fcr inl\u00e4ndische K\u00e4ufer gef\u00fcllt wird. LMT Gorica ist ein Familienunternehmen mit f\u00fcnf Mitarbeitern.<\/p>\n<p>Im Jahr 2014 haben wir eine Lasergravurmaschine f\u00fcr Textilien erworben, die den bestehenden Maschinenverbindungsdienst verbessert, da er mit bestehenden Maschinen kompatibel ist. Im selben Jahr nahmen wir noch eine Maschinenstickmaschine, jedoch mit einem gr\u00f6\u00dferen Arbeitsbereich, was bedeutete, dass wir gr\u00f6\u00dfere Maschinenstickerei-Embleme bearbeiten k\u00f6nnten. Im Jahr 2018 haben wir angefangen, die Maschinenstickerei auf Schuhen und M\u00fctzen zu verwnden, was keine Neuheit ist, aber je h\u00f6her das Logo auf der M\u00fctze ist, ist eine Neuheit, die wir jetzt anbieten k\u00f6nnen. Wir haben auch Magnetrahmen als neues Maschinenstickwerkzeug erhalten, um das Paddeln auf dickeren Materialien, Taschen usw. zu erleichtern. Stickmaschinen sind von der ultimative japanischen Marke Tajima. Wir f\u00fchren Stickprogramme im Top-Pulse-Programm aus. Aufgrund all dieser und all der Neuerungen und Trendverfolgungen sind wir f\u00fcr wirklich einzigartig in unserem Land gehalten.<\/p>\n<p><strong>Eigent\u00fcmer<\/strong><br \/>\nTomislav Kos &#8211; der Master Stitcher der zweiten Generation.[\/vc_column_text][\/vc_column_inner][\/vc_row_inner][\/vc_column][\/vc_row]<\/p>\n<\/div>","protected":false},"excerpt":{"rendered":"<p>[vc_row][vc_column][vc_row_inner][vc_column_inner][vc_single_image image=&#8221;3348&#8243; img_size=&#8221;full&#8221; parallax_scroll=&#8221;no&#8221;][vc_column_text text_larger=&#8221;no&#8221;]Die Firma LMT Gorica wurde 1990 in Velika Gorica gegr\u00fcndet, als die erste Stickmaschine gekauft wurde.<\/p>\n","protected":false},"author":9,"featured_media":0,"parent":0,"menu_order":0,"comment_status":"closed","ping_status":"closed","template":"","meta":{"footnotes":""},"class_list":["post-4292","page","type-page","status-publish","hentry"],"yoast_head":"<!-- This site is optimized with the Yoast SEO plugin v23.9 - https:\/\/yoast.com\/wordpress\/plugins\/seo\/ -->\n<title>\u00dcber Uns - LMT Gorica<\/title>\n<meta name=\"robots\" content=\"index, follow, max-snippet:-1, max-image-preview:large, max-video-preview:-1\" \/>\n<link rel=\"canonical\" href=\"https:\/\/lmt-gorica.hr\/de\/uber-uns\/\" \/>\n<meta property=\"og:locale\" content=\"de_DE\" \/>\n<meta property=\"og:type\" content=\"article\" \/>\n<meta property=\"og:title\" content=\"\u00dcber Uns - LMT Gorica\" \/>\n<meta property=\"og:description\" content=\"[vc_row][vc_column][vc_row_inner][vc_column_inner][vc_single_image image=&#8221;3348&#8243; img_size=&#8221;full&#8221; parallax_scroll=&#8221;no&#8221;][vc_column_text text_larger=&#8221;no&#8221;]Die Firma LMT Gorica wurde 1990 in Velika Gorica gegr\u00fcndet, als die erste Stickmaschine gekauft wurde.\" \/>\n<meta property=\"og:url\" content=\"https:\/\/lmt-gorica.hr\/de\/uber-uns\/\" \/>\n<meta property=\"og:site_name\" content=\"LMT Gorica\" \/>\n<meta property=\"article:modified_time\" content=\"2019-01-23T10:30:47+00:00\" \/>\n<meta name=\"twitter:card\" content=\"summary_large_image\" \/>\n<meta name=\"twitter:label1\" content=\"Gesch\u00e4tzte Lesezeit\" \/>\n\t<meta name=\"twitter:data1\" content=\"2\u00a0Minuten\" \/>\n<script type=\"application\/ld+json\" class=\"yoast-schema-graph\">{\"@context\":\"https:\/\/schema.org\",\"@graph\":[{\"@type\":\"WebPage\",\"@id\":\"https:\/\/lmt-gorica.hr\/de\/uber-uns\/\",\"url\":\"https:\/\/lmt-gorica.hr\/de\/uber-uns\/\",\"name\":\"\u00dcber Uns - LMT Gorica\",\"isPartOf\":{\"@id\":\"https:\/\/lmt-gorica.hr\/#website\"},\"datePublished\":\"2018-10-19T20:07:11+00:00\",\"dateModified\":\"2019-01-23T10:30:47+00:00\",\"breadcrumb\":{\"@id\":\"https:\/\/lmt-gorica.hr\/de\/uber-uns\/#breadcrumb\"},\"inLanguage\":\"de\",\"potentialAction\":[{\"@type\":\"ReadAction\",\"target\":[\"https:\/\/lmt-gorica.hr\/de\/uber-uns\/\"]}]},{\"@type\":\"BreadcrumbList\",\"@id\":\"https:\/\/lmt-gorica.hr\/de\/uber-uns\/#breadcrumb\",\"itemListElement\":[{\"@type\":\"ListItem\",\"position\":1,\"name\":\"Po\u010detna stranica\",\"item\":\"https:\/\/lmt-gorica.hr\/de\/\"},{\"@type\":\"ListItem\",\"position\":2,\"name\":\"\u00dcber Uns\"}]},{\"@type\":\"WebSite\",\"@id\":\"https:\/\/lmt-gorica.hr\/#website\",\"url\":\"https:\/\/lmt-gorica.hr\/\",\"name\":\"LMT Gorica\",\"description\":\"Strojno vezenje \/ \u0161tikanje, te ostale usluge koje idu uz \u0161tik\",\"potentialAction\":[{\"@type\":\"SearchAction\",\"target\":{\"@type\":\"EntryPoint\",\"urlTemplate\":\"https:\/\/lmt-gorica.hr\/?s={search_term_string}\"},\"query-input\":{\"@type\":\"PropertyValueSpecification\",\"valueRequired\":true,\"valueName\":\"search_term_string\"}}],\"inLanguage\":\"de\"}]}<\/script>\n<!-- \/ Yoast SEO plugin. -->","yoast_head_json":{"title":"\u00dcber Uns - LMT Gorica","robots":{"index":"index","follow":"follow","max-snippet":"max-snippet:-1","max-image-preview":"max-image-preview:large","max-video-preview":"max-video-preview:-1"},"canonical":"https:\/\/lmt-gorica.hr\/de\/uber-uns\/","og_locale":"de_DE","og_type":"article","og_title":"\u00dcber Uns - LMT Gorica","og_description":"[vc_row][vc_column][vc_row_inner][vc_column_inner][vc_single_image image=&#8221;3348&#8243; img_size=&#8221;full&#8221; parallax_scroll=&#8221;no&#8221;][vc_column_text text_larger=&#8221;no&#8221;]Die Firma LMT Gorica wurde 1990 in Velika Gorica gegr\u00fcndet, als die erste Stickmaschine gekauft wurde.","og_url":"https:\/\/lmt-gorica.hr\/de\/uber-uns\/","og_site_name":"LMT Gorica","article_modified_time":"2019-01-23T10:30:47+00:00","twitter_card":"summary_large_image","twitter_misc":{"Gesch\u00e4tzte Lesezeit":"2\u00a0Minuten"},"schema":{"@context":"https:\/\/schema.org","@graph":[{"@type":"WebPage","@id":"https:\/\/lmt-gorica.hr\/de\/uber-uns\/","url":"https:\/\/lmt-gorica.hr\/de\/uber-uns\/","name":"\u00dcber Uns - LMT Gorica","isPartOf":{"@id":"https:\/\/lmt-gorica.hr\/#website"},"datePublished":"2018-10-19T20:07:11+00:00","dateModified":"2019-01-23T10:30:47+00:00","breadcrumb":{"@id":"https:\/\/lmt-gorica.hr\/de\/uber-uns\/#breadcrumb"},"inLanguage":"de","potentialAction":[{"@type":"ReadAction","target":["https:\/\/lmt-gorica.hr\/de\/uber-uns\/"]}]},{"@type":"BreadcrumbList","@id":"https:\/\/lmt-gorica.hr\/de\/uber-uns\/#breadcrumb","itemListElement":[{"@type":"ListItem","position":1,"name":"Po\u010detna stranica","item":"https:\/\/lmt-gorica.hr\/de\/"},{"@type":"ListItem","position":2,"name":"\u00dcber Uns"}]},{"@type":"WebSite","@id":"https:\/\/lmt-gorica.hr\/#website","url":"https:\/\/lmt-gorica.hr\/","name":"LMT Gorica","description":"Strojno vezenje \/ \u0161tikanje, te ostale usluge koje idu uz \u0161tik","potentialAction":[{"@type":"SearchAction","target":{"@type":"EntryPoint","urlTemplate":"https:\/\/lmt-gorica.hr\/?s={search_term_string}"},"query-input":{"@type":"PropertyValueSpecification","valueRequired":true,"valueName":"search_term_string"}}],"inLanguage":"de"}]}},"_links":{"self":[{"href":"https:\/\/lmt-gorica.hr\/de\/wp-json\/wp\/v2\/pages\/4292","targetHints":{"allow":["GET"]}}],"collection":[{"href":"https:\/\/lmt-gorica.hr\/de\/wp-json\/wp\/v2\/pages"}],"about":[{"href":"https:\/\/lmt-gorica.hr\/de\/wp-json\/wp\/v2\/types\/page"}],"author":[{"embeddable":true,"href":"https:\/\/lmt-gorica.hr\/de\/wp-json\/wp\/v2\/users\/9"}],"replies":[{"embeddable":true,"href":"https:\/\/lmt-gorica.hr\/de\/wp-json\/wp\/v2\/comments?post=4292"}],"version-history":[{"count":2,"href":"https:\/\/lmt-gorica.hr\/de\/wp-json\/wp\/v2\/pages\/4292\/revisions"}],"predecessor-version":[{"id":4294,"href":"https:\/\/lmt-gorica.hr\/de\/wp-json\/wp\/v2\/pages\/4292\/revisions\/4294"}],"wp:attachment":[{"href":"https:\/\/lmt-gorica.hr\/de\/wp-json\/wp\/v2\/media?parent=4292"}],"curies":[{"name":"wp","href":"https:\/\/api.w.org\/{rel}","templated":true}]}}