{"id":3300,"date":"2018-10-22T12:50:23","date_gmt":"2018-10-22T10:50:23","guid":{"rendered":"https:\/\/lmt-gorica.hr\/?post_type=product&#038;p=3300"},"modified":"2018-10-22T12:52:46","modified_gmt":"2018-10-22T10:52:46","slug":"ca615k-rukavice-za-zavarivanje-od-govede-koze","status":"publish","type":"product","link":"https:\/\/lmt-gorica.hr\/de\/produkt\/ca615k-rukavice-za-zavarivanje-od-govede-koze\/","title":{"rendered":"CA615K rukavice za zavarivanje od gove\u0111e ko\u017ee"},"content":{"rendered":"<p>CA615K rukavice za zavarivanje od gove\u0111e \u0161palt ko\u017ee s antitoplotnom obradom (THT), pamu\u010dnom podstavom, man\u017eetom od 14 cm s podstavom, \u0161avovima pro\u0161ivenim koncem Kevlar*Technology, ameri\u010dkog kroja i du\u017eine od 35 cm.<\/p>\n<div>\n<div>\n<p><b>NAMJENA:<\/b><\/p>\n<\/div>\n<div>\n<ul class=\"ul_bullet_small\">\n<li>Ru\u010dno zavarivanje metala<\/li>\n<li>Taljenje metala<\/li>\n<li>Radovi oko vru\u0107ih pe\u0107i<\/li>\n<\/ul>\n<\/div>\n<\/div>\n<div>\n<div>\n<p><b>OTPORNOST:<\/b><\/p>\n<\/div>\n<div>\n<ul class=\"ul_bullet_small\">\n<li>Otpornost na plamen, toplinu i projekcije rastopljenog metala<\/li>\n<li>Dobra mehani\u010dka otpornost<\/li>\n<\/ul>\n<\/div>\n<\/div>\n<div>\n<div>\n<p><b>PREDNOSTI:<\/b><\/p>\n<\/div>\n<div>\n<ul class=\"ul_bullet_small\">\n<li>\u0160avovi o Kevlar konca (poja\u010dana za\u0161tita)<\/li>\n<\/ul>\n<\/div>\n<\/div>\n","protected":false},"excerpt":{"rendered":"<p>CA615K rukavice za zavarivanje od gove\u0111e \u0161palt ko\u017ee s antitoplotnom obradom (THT), pamu\u010dnom podstavom, man\u017eetom od 14 cm s podstavom,<\/p>\n","protected":false},"featured_media":3301,"template":"","meta":[],"product_cat":[113],"product_tag":[],"class_list":{"0":"post-3300","1":"product","2":"type-product","3":"status-publish","4":"has-post-thumbnail","6":"product_cat-radni-program","8":"first","9":"instock","10":"shipping-taxable","11":"purchasable","12":"product-type-variable"},"yoast_head":"<!-- This site is optimized with the Yoast SEO plugin v23.9 - https:\/\/yoast.com\/wordpress\/plugins\/seo\/ -->\n<title>CA615K rukavice za zavarivanje od gove\u0111e ko\u017ee - LMT Gorica<\/title>\n<meta name=\"robots\" content=\"index, follow, max-snippet:-1, max-image-preview:large, max-video-preview:-1\" \/>\n<link rel=\"canonical\" href=\"https:\/\/lmt-gorica.hr\/proizvod\/ca615k-rukavice-za-zavarivanje-od-govede-koze\/\" \/>\n<meta property=\"og:locale\" content=\"de_DE\" \/>\n<meta property=\"og:type\" content=\"article\" \/>\n<meta property=\"og:title\" content=\"CA615K rukavice za zavarivanje od gove\u0111e ko\u017ee - LMT Gorica\" \/>\n<meta property=\"og:description\" content=\"CA615K rukavice za zavarivanje od gove\u0111e \u0161palt ko\u017ee s antitoplotnom obradom (THT), pamu\u010dnom podstavom, man\u017eetom od 14 cm s podstavom,\" \/>\n<meta property=\"og:url\" content=\"https:\/\/lmt-gorica.hr\/proizvod\/ca615k-rukavice-za-zavarivanje-od-govede-koze\/\" \/>\n<meta property=\"og:site_name\" content=\"LMT Gorica\" \/>\n<meta property=\"article:modified_time\" content=\"2018-10-22T10:52:46+00:00\" \/>\n<meta property=\"og:image\" content=\"https:\/\/lmt-gorica.hr\/wp-content\/uploads\/2018\/10\/CA615K_rukavice__4bcc1c8cabb98.jpg\" \/>\n\t<meta property=\"og:image:width\" content=\"495\" \/>\n\t<meta property=\"og:image:height\" content=\"500\" \/>\n\t<meta property=\"og:image:type\" content=\"image\/jpeg\" \/>\n<meta name=\"twitter:card\" content=\"summary_large_image\" \/>\n<script type=\"application\/ld+json\" class=\"yoast-schema-graph\">{\"@context\":\"https:\/\/schema.org\",\"@graph\":[{\"@type\":\"WebPage\",\"@id\":\"https:\/\/lmt-gorica.hr\/proizvod\/ca615k-rukavice-za-zavarivanje-od-govede-koze\/\",\"url\":\"https:\/\/lmt-gorica.hr\/proizvod\/ca615k-rukavice-za-zavarivanje-od-govede-koze\/\",\"name\":\"CA615K rukavice za zavarivanje od gove\u0111e ko\u017ee - LMT Gorica\",\"isPartOf\":{\"@id\":\"https:\/\/lmt-gorica.hr\/#website\"},\"primaryImageOfPage\":{\"@id\":\"https:\/\/lmt-gorica.hr\/proizvod\/ca615k-rukavice-za-zavarivanje-od-govede-koze\/#primaryimage\"},\"image\":{\"@id\":\"https:\/\/lmt-gorica.hr\/proizvod\/ca615k-rukavice-za-zavarivanje-od-govede-koze\/#primaryimage\"},\"thumbnailUrl\":\"https:\/\/lmt-gorica.hr\/wp-content\/uploads\/2018\/10\/CA615K_rukavice__4bcc1c8cabb98.jpg\",\"datePublished\":\"2018-10-22T10:50:23+00:00\",\"dateModified\":\"2018-10-22T10:52:46+00:00\",\"breadcrumb\":{\"@id\":\"https:\/\/lmt-gorica.hr\/proizvod\/ca615k-rukavice-za-zavarivanje-od-govede-koze\/#breadcrumb\"},\"inLanguage\":\"de\",\"potentialAction\":[{\"@type\":\"ReadAction\",\"target\":[\"https:\/\/lmt-gorica.hr\/proizvod\/ca615k-rukavice-za-zavarivanje-od-govede-koze\/\"]}]},{\"@type\":\"ImageObject\",\"inLanguage\":\"de\",\"@id\":\"https:\/\/lmt-gorica.hr\/proizvod\/ca615k-rukavice-za-zavarivanje-od-govede-koze\/#primaryimage\",\"url\":\"https:\/\/lmt-gorica.hr\/wp-content\/uploads\/2018\/10\/CA615K_rukavice__4bcc1c8cabb98.jpg\",\"contentUrl\":\"https:\/\/lmt-gorica.hr\/wp-content\/uploads\/2018\/10\/CA615K_rukavice__4bcc1c8cabb98.jpg\",\"width\":495,\"height\":500},{\"@type\":\"BreadcrumbList\",\"@id\":\"https:\/\/lmt-gorica.hr\/proizvod\/ca615k-rukavice-za-zavarivanje-od-govede-koze\/#breadcrumb\",\"itemListElement\":[{\"@type\":\"ListItem\",\"position\":1,\"name\":\"Po\u010detna stranica\",\"item\":\"https:\/\/lmt-gorica.hr\/de\/\"},{\"@type\":\"ListItem\",\"position\":2,\"name\":\"Shop\",\"item\":\"https:\/\/lmt-gorica.hr\/de\/shop\/\"},{\"@type\":\"ListItem\",\"position\":3,\"name\":\"CA615K rukavice za zavarivanje od gove\u0111e ko\u017ee\"}]},{\"@type\":\"WebSite\",\"@id\":\"https:\/\/lmt-gorica.hr\/#website\",\"url\":\"https:\/\/lmt-gorica.hr\/\",\"name\":\"LMT Gorica\",\"description\":\"Strojno vezenje \/ \u0161tikanje, te ostale usluge koje idu uz \u0161tik\",\"potentialAction\":[{\"@type\":\"SearchAction\",\"target\":{\"@type\":\"EntryPoint\",\"urlTemplate\":\"https:\/\/lmt-gorica.hr\/?s={search_term_string}\"},\"query-input\":{\"@type\":\"PropertyValueSpecification\",\"valueRequired\":true,\"valueName\":\"search_term_string\"}}],\"inLanguage\":\"de\"}]}<\/script>\n<!-- \/ Yoast SEO plugin. -->","yoast_head_json":{"title":"CA615K rukavice za zavarivanje od gove\u0111e ko\u017ee - LMT Gorica","robots":{"index":"index","follow":"follow","max-snippet":"max-snippet:-1","max-image-preview":"max-image-preview:large","max-video-preview":"max-video-preview:-1"},"canonical":"https:\/\/lmt-gorica.hr\/proizvod\/ca615k-rukavice-za-zavarivanje-od-govede-koze\/","og_locale":"de_DE","og_type":"article","og_title":"CA615K rukavice za zavarivanje od gove\u0111e ko\u017ee - LMT Gorica","og_description":"CA615K rukavice za zavarivanje od gove\u0111e \u0161palt ko\u017ee s antitoplotnom obradom (THT), pamu\u010dnom podstavom, man\u017eetom od 14 cm s podstavom,","og_url":"https:\/\/lmt-gorica.hr\/proizvod\/ca615k-rukavice-za-zavarivanje-od-govede-koze\/","og_site_name":"LMT Gorica","article_modified_time":"2018-10-22T10:52:46+00:00","og_image":[{"width":495,"height":500,"url":"https:\/\/lmt-gorica.hr\/wp-content\/uploads\/2018\/10\/CA615K_rukavice__4bcc1c8cabb98.jpg","type":"image\/jpeg"}],"twitter_card":"summary_large_image","schema":{"@context":"https:\/\/schema.org","@graph":[{"@type":"WebPage","@id":"https:\/\/lmt-gorica.hr\/proizvod\/ca615k-rukavice-za-zavarivanje-od-govede-koze\/","url":"https:\/\/lmt-gorica.hr\/proizvod\/ca615k-rukavice-za-zavarivanje-od-govede-koze\/","name":"CA615K rukavice za zavarivanje od gove\u0111e ko\u017ee - LMT Gorica","isPartOf":{"@id":"https:\/\/lmt-gorica.hr\/#website"},"primaryImageOfPage":{"@id":"https:\/\/lmt-gorica.hr\/proizvod\/ca615k-rukavice-za-zavarivanje-od-govede-koze\/#primaryimage"},"image":{"@id":"https:\/\/lmt-gorica.hr\/proizvod\/ca615k-rukavice-za-zavarivanje-od-govede-koze\/#primaryimage"},"thumbnailUrl":"https:\/\/lmt-gorica.hr\/wp-content\/uploads\/2018\/10\/CA615K_rukavice__4bcc1c8cabb98.jpg","datePublished":"2018-10-22T10:50:23+00:00","dateModified":"2018-10-22T10:52:46+00:00","breadcrumb":{"@id":"https:\/\/lmt-gorica.hr\/proizvod\/ca615k-rukavice-za-zavarivanje-od-govede-koze\/#breadcrumb"},"inLanguage":"de","potentialAction":[{"@type":"ReadAction","target":["https:\/\/lmt-gorica.hr\/proizvod\/ca615k-rukavice-za-zavarivanje-od-govede-koze\/"]}]},{"@type":"ImageObject","inLanguage":"de","@id":"https:\/\/lmt-gorica.hr\/proizvod\/ca615k-rukavice-za-zavarivanje-od-govede-koze\/#primaryimage","url":"https:\/\/lmt-gorica.hr\/wp-content\/uploads\/2018\/10\/CA615K_rukavice__4bcc1c8cabb98.jpg","contentUrl":"https:\/\/lmt-gorica.hr\/wp-content\/uploads\/2018\/10\/CA615K_rukavice__4bcc1c8cabb98.jpg","width":495,"height":500},{"@type":"BreadcrumbList","@id":"https:\/\/lmt-gorica.hr\/proizvod\/ca615k-rukavice-za-zavarivanje-od-govede-koze\/#breadcrumb","itemListElement":[{"@type":"ListItem","position":1,"name":"Po\u010detna stranica","item":"https:\/\/lmt-gorica.hr\/de\/"},{"@type":"ListItem","position":2,"name":"Shop","item":"https:\/\/lmt-gorica.hr\/de\/shop\/"},{"@type":"ListItem","position":3,"name":"CA615K rukavice za zavarivanje od gove\u0111e ko\u017ee"}]},{"@type":"WebSite","@id":"https:\/\/lmt-gorica.hr\/#website","url":"https:\/\/lmt-gorica.hr\/","name":"LMT Gorica","description":"Strojno vezenje \/ \u0161tikanje, te ostale usluge koje idu uz \u0161tik","potentialAction":[{"@type":"SearchAction","target":{"@type":"EntryPoint","urlTemplate":"https:\/\/lmt-gorica.hr\/?s={search_term_string}"},"query-input":{"@type":"PropertyValueSpecification","valueRequired":true,"valueName":"search_term_string"}}],"inLanguage":"de"}]}},"_links":{"self":[{"href":"https:\/\/lmt-gorica.hr\/de\/wp-json\/wp\/v2\/product\/3300","targetHints":{"allow":["GET"]}}],"collection":[{"href":"https:\/\/lmt-gorica.hr\/de\/wp-json\/wp\/v2\/product"}],"about":[{"href":"https:\/\/lmt-gorica.hr\/de\/wp-json\/wp\/v2\/types\/product"}],"wp:featuredmedia":[{"embeddable":true,"href":"https:\/\/lmt-gorica.hr\/de\/wp-json\/wp\/v2\/media\/3301"}],"wp:attachment":[{"href":"https:\/\/lmt-gorica.hr\/de\/wp-json\/wp\/v2\/media?parent=3300"}],"wp:term":[{"taxonomy":"product_cat","embeddable":true,"href":"https:\/\/lmt-gorica.hr\/de\/wp-json\/wp\/v2\/product_cat?post=3300"},{"taxonomy":"product_tag","embeddable":true,"href":"https:\/\/lmt-gorica.hr\/de\/wp-json\/wp\/v2\/product_tag?post=3300"}],"curies":[{"name":"wp","href":"https:\/\/api.w.org\/{rel}","templated":true}]}}