{"id":3935,"date":"2018-11-05T21:16:18","date_gmt":"2018-11-05T20:16:18","guid":{"rendered":"https:\/\/lmt-gorica.hr\/?post_type=product&#038;p=3935"},"modified":"2019-02-10T19:57:19","modified_gmt":"2019-02-10T18:57:19","slug":"jakna-visoke-vidljivosti-3-u-1-pilot-pj50","status":"publish","type":"product","link":"https:\/\/lmt-gorica.hr\/de\/produkt\/jakna-visoke-vidljivosti-3-u-1-pilot-pj50\/","title":{"rendered":"JAKNA VISOKE VIDLJIVOSTI 3-U-1 PILOT &#8211; PJ50"},"content":{"rendered":"<p>Pru\u017eaju\u0107i prilagodljivu i udobnu za\u0161titu, ova jakna pogodna je za razli\u010dita radna okru\u017eenja. Kvalitetna tkanina, vrhunska izrada i neosporna prakti\u010dnost. Odvojiva krznena podstava i ovratnik, odvojivi rukavi, brojni unutarnji i vanjski d\u017eepovi na zip \u010dine ovaj odjevni predmet vrlo prakti\u010dnim za sigurnu pohranu osobnih stvari.<\/p>\n<ul class=\"features-text\">\n<li>CE certificirano<\/li>\n<li>Krznena podstava za dodatnu toplinu i udobnost<\/li>\n<li>Izdr\u017eljiva poliester\/pamu\u010dna tkanina za visoke performanse i maksimalnu udobnost korisnika<\/li>\n<li>Reflektiraju\u0107a traka za dodatnu vidljivost<\/li>\n<li>Jakna se mo\u017ee nositi na 3 razli\u010dita na\u010dina<\/li>\n<li>Odvojivi rukavi, krzneni ovratnik i krznena podstava omogu\u0107uju korisniku vi\u0161e opcija no\u0161enja<\/li>\n<li>7 d\u017eepova za dovoljno prostora za pohranu<\/li>\n<li>D\u017eep za mobitel<\/li>\n<li>Vi\u0161estruki d\u017eepovi za pohranu<\/li>\n<li>D\u017eepovi s patent zatvara\u010dem<\/li>\n<li>Pletene man\u017eete<\/li>\n<li>Kontrastna boja za za\u0161titu od prljav\u0161tine<\/li>\n<li>D-ring za klju\u010deve i osobne iskaznice<\/li>\n<li>Tkanina je iznimno vodootporna, voda se skuplja u vodene kapljice i sama otkotrlja s povr\u0161ine tkanine<\/li>\n<li>Tkanina Shell: 55% pamuk, 45%<\/li>\n<li>poliester 240g<\/li>\n<li>Tkanina za podstavu: 100%<\/li>\n<li>poliester 60g<\/li>\n<li>Punjenje: 100% poliester g<\/li>\n<li>Koli\u010dina u kutiji: 12<\/li>\n<\/ul>\n<p><strong>Standards <\/strong><\/p>\n<ul>\n<li>ANSI\/ISEA 107-2015 TYPE R CLASS 3<\/li>\n<li>EN ISO 20471 Class 3<\/li>\n<\/ul>\n<p>&nbsp;<\/p>\n","protected":false},"excerpt":{"rendered":"<p>Pru\u017eaju\u0107i prilagodljivu i udobnu za\u0161titu, ova jakna pogodna je za razli\u010dita radna okru\u017eenja. Kvalitetna tkanina, vrhunska izrada i neosporna prakti\u010dnost.<\/p>\n","protected":false},"featured_media":3936,"template":"","meta":[],"product_cat":[113],"product_tag":[],"class_list":{"0":"post-3935","1":"product","2":"type-product","3":"status-publish","4":"has-post-thumbnail","6":"product_cat-radni-program","7":"pa_brand-portwest","9":"first","10":"instock","11":"shipping-taxable","12":"purchasable","13":"product-type-variable"},"yoast_head":"<!-- This site is optimized with the Yoast SEO plugin v23.9 - https:\/\/yoast.com\/wordpress\/plugins\/seo\/ -->\n<title>JAKNA VISOKE VIDLJIVOSTI 3-U-1 PILOT - PJ50 - LMT Gorica<\/title>\n<meta name=\"robots\" content=\"index, follow, max-snippet:-1, max-image-preview:large, max-video-preview:-1\" \/>\n<link rel=\"canonical\" href=\"https:\/\/lmt-gorica.hr\/proizvod\/jakna-visoke-vidljivosti-3-u-1-pilot-pj50\/\" \/>\n<meta property=\"og:locale\" content=\"de_DE\" \/>\n<meta property=\"og:type\" content=\"article\" \/>\n<meta property=\"og:title\" content=\"JAKNA VISOKE VIDLJIVOSTI 3-U-1 PILOT - PJ50 - LMT Gorica\" \/>\n<meta property=\"og:description\" content=\"Pru\u017eaju\u0107i prilagodljivu i udobnu za\u0161titu, ova jakna pogodna je za razli\u010dita radna okru\u017eenja. Kvalitetna tkanina, vrhunska izrada i neosporna prakti\u010dnost.\" \/>\n<meta property=\"og:url\" content=\"https:\/\/lmt-gorica.hr\/proizvod\/jakna-visoke-vidljivosti-3-u-1-pilot-pj50\/\" \/>\n<meta property=\"og:site_name\" content=\"LMT Gorica\" \/>\n<meta property=\"article:modified_time\" content=\"2019-02-10T18:57:19+00:00\" \/>\n<meta property=\"og:image\" content=\"https:\/\/lmt-gorica.hr\/wp-content\/uploads\/2018\/11\/JAKNA-VISOKE-VIDLJIVOSTI-3-U-1-PILOT-PJ50.png\" \/>\n\t<meta property=\"og:image:width\" content=\"1000\" \/>\n\t<meta property=\"og:image:height\" content=\"1000\" \/>\n\t<meta property=\"og:image:type\" content=\"image\/png\" \/>\n<meta name=\"twitter:card\" content=\"summary_large_image\" \/>\n<meta name=\"twitter:label1\" content=\"Gesch\u00e4tzte Lesezeit\" \/>\n\t<meta name=\"twitter:data1\" content=\"1\u00a0Minute\" \/>\n<script type=\"application\/ld+json\" class=\"yoast-schema-graph\">{\"@context\":\"https:\/\/schema.org\",\"@graph\":[{\"@type\":\"WebPage\",\"@id\":\"https:\/\/lmt-gorica.hr\/proizvod\/jakna-visoke-vidljivosti-3-u-1-pilot-pj50\/\",\"url\":\"https:\/\/lmt-gorica.hr\/proizvod\/jakna-visoke-vidljivosti-3-u-1-pilot-pj50\/\",\"name\":\"JAKNA VISOKE VIDLJIVOSTI 3-U-1 PILOT - PJ50 - LMT Gorica\",\"isPartOf\":{\"@id\":\"https:\/\/lmt-gorica.hr\/#website\"},\"primaryImageOfPage\":{\"@id\":\"https:\/\/lmt-gorica.hr\/proizvod\/jakna-visoke-vidljivosti-3-u-1-pilot-pj50\/#primaryimage\"},\"image\":{\"@id\":\"https:\/\/lmt-gorica.hr\/proizvod\/jakna-visoke-vidljivosti-3-u-1-pilot-pj50\/#primaryimage\"},\"thumbnailUrl\":\"https:\/\/lmt-gorica.hr\/wp-content\/uploads\/2018\/11\/JAKNA-VISOKE-VIDLJIVOSTI-3-U-1-PILOT-PJ50.png\",\"datePublished\":\"2018-11-05T20:16:18+00:00\",\"dateModified\":\"2019-02-10T18:57:19+00:00\",\"breadcrumb\":{\"@id\":\"https:\/\/lmt-gorica.hr\/proizvod\/jakna-visoke-vidljivosti-3-u-1-pilot-pj50\/#breadcrumb\"},\"inLanguage\":\"de\",\"potentialAction\":[{\"@type\":\"ReadAction\",\"target\":[\"https:\/\/lmt-gorica.hr\/proizvod\/jakna-visoke-vidljivosti-3-u-1-pilot-pj50\/\"]}]},{\"@type\":\"ImageObject\",\"inLanguage\":\"de\",\"@id\":\"https:\/\/lmt-gorica.hr\/proizvod\/jakna-visoke-vidljivosti-3-u-1-pilot-pj50\/#primaryimage\",\"url\":\"https:\/\/lmt-gorica.hr\/wp-content\/uploads\/2018\/11\/JAKNA-VISOKE-VIDLJIVOSTI-3-U-1-PILOT-PJ50.png\",\"contentUrl\":\"https:\/\/lmt-gorica.hr\/wp-content\/uploads\/2018\/11\/JAKNA-VISOKE-VIDLJIVOSTI-3-U-1-PILOT-PJ50.png\",\"width\":1000,\"height\":1000},{\"@type\":\"BreadcrumbList\",\"@id\":\"https:\/\/lmt-gorica.hr\/proizvod\/jakna-visoke-vidljivosti-3-u-1-pilot-pj50\/#breadcrumb\",\"itemListElement\":[{\"@type\":\"ListItem\",\"position\":1,\"name\":\"Po\u010detna stranica\",\"item\":\"https:\/\/lmt-gorica.hr\/de\/\"},{\"@type\":\"ListItem\",\"position\":2,\"name\":\"Shop\",\"item\":\"https:\/\/lmt-gorica.hr\/de\/shop\/\"},{\"@type\":\"ListItem\",\"position\":3,\"name\":\"JAKNA VISOKE VIDLJIVOSTI 3-U-1 PILOT &#8211; PJ50\"}]},{\"@type\":\"WebSite\",\"@id\":\"https:\/\/lmt-gorica.hr\/#website\",\"url\":\"https:\/\/lmt-gorica.hr\/\",\"name\":\"LMT Gorica\",\"description\":\"Strojno vezenje \/ \u0161tikanje, te ostale usluge koje idu uz \u0161tik\",\"potentialAction\":[{\"@type\":\"SearchAction\",\"target\":{\"@type\":\"EntryPoint\",\"urlTemplate\":\"https:\/\/lmt-gorica.hr\/?s={search_term_string}\"},\"query-input\":{\"@type\":\"PropertyValueSpecification\",\"valueRequired\":true,\"valueName\":\"search_term_string\"}}],\"inLanguage\":\"de\"}]}<\/script>\n<!-- \/ Yoast SEO plugin. -->","yoast_head_json":{"title":"JAKNA VISOKE VIDLJIVOSTI 3-U-1 PILOT - PJ50 - LMT Gorica","robots":{"index":"index","follow":"follow","max-snippet":"max-snippet:-1","max-image-preview":"max-image-preview:large","max-video-preview":"max-video-preview:-1"},"canonical":"https:\/\/lmt-gorica.hr\/proizvod\/jakna-visoke-vidljivosti-3-u-1-pilot-pj50\/","og_locale":"de_DE","og_type":"article","og_title":"JAKNA VISOKE VIDLJIVOSTI 3-U-1 PILOT - PJ50 - LMT Gorica","og_description":"Pru\u017eaju\u0107i prilagodljivu i udobnu za\u0161titu, ova jakna pogodna je za razli\u010dita radna okru\u017eenja. Kvalitetna tkanina, vrhunska izrada i neosporna prakti\u010dnost.","og_url":"https:\/\/lmt-gorica.hr\/proizvod\/jakna-visoke-vidljivosti-3-u-1-pilot-pj50\/","og_site_name":"LMT Gorica","article_modified_time":"2019-02-10T18:57:19+00:00","og_image":[{"width":1000,"height":1000,"url":"https:\/\/lmt-gorica.hr\/wp-content\/uploads\/2018\/11\/JAKNA-VISOKE-VIDLJIVOSTI-3-U-1-PILOT-PJ50.png","type":"image\/png"}],"twitter_card":"summary_large_image","twitter_misc":{"Gesch\u00e4tzte Lesezeit":"1\u00a0Minute"},"schema":{"@context":"https:\/\/schema.org","@graph":[{"@type":"WebPage","@id":"https:\/\/lmt-gorica.hr\/proizvod\/jakna-visoke-vidljivosti-3-u-1-pilot-pj50\/","url":"https:\/\/lmt-gorica.hr\/proizvod\/jakna-visoke-vidljivosti-3-u-1-pilot-pj50\/","name":"JAKNA VISOKE VIDLJIVOSTI 3-U-1 PILOT - PJ50 - LMT Gorica","isPartOf":{"@id":"https:\/\/lmt-gorica.hr\/#website"},"primaryImageOfPage":{"@id":"https:\/\/lmt-gorica.hr\/proizvod\/jakna-visoke-vidljivosti-3-u-1-pilot-pj50\/#primaryimage"},"image":{"@id":"https:\/\/lmt-gorica.hr\/proizvod\/jakna-visoke-vidljivosti-3-u-1-pilot-pj50\/#primaryimage"},"thumbnailUrl":"https:\/\/lmt-gorica.hr\/wp-content\/uploads\/2018\/11\/JAKNA-VISOKE-VIDLJIVOSTI-3-U-1-PILOT-PJ50.png","datePublished":"2018-11-05T20:16:18+00:00","dateModified":"2019-02-10T18:57:19+00:00","breadcrumb":{"@id":"https:\/\/lmt-gorica.hr\/proizvod\/jakna-visoke-vidljivosti-3-u-1-pilot-pj50\/#breadcrumb"},"inLanguage":"de","potentialAction":[{"@type":"ReadAction","target":["https:\/\/lmt-gorica.hr\/proizvod\/jakna-visoke-vidljivosti-3-u-1-pilot-pj50\/"]}]},{"@type":"ImageObject","inLanguage":"de","@id":"https:\/\/lmt-gorica.hr\/proizvod\/jakna-visoke-vidljivosti-3-u-1-pilot-pj50\/#primaryimage","url":"https:\/\/lmt-gorica.hr\/wp-content\/uploads\/2018\/11\/JAKNA-VISOKE-VIDLJIVOSTI-3-U-1-PILOT-PJ50.png","contentUrl":"https:\/\/lmt-gorica.hr\/wp-content\/uploads\/2018\/11\/JAKNA-VISOKE-VIDLJIVOSTI-3-U-1-PILOT-PJ50.png","width":1000,"height":1000},{"@type":"BreadcrumbList","@id":"https:\/\/lmt-gorica.hr\/proizvod\/jakna-visoke-vidljivosti-3-u-1-pilot-pj50\/#breadcrumb","itemListElement":[{"@type":"ListItem","position":1,"name":"Po\u010detna stranica","item":"https:\/\/lmt-gorica.hr\/de\/"},{"@type":"ListItem","position":2,"name":"Shop","item":"https:\/\/lmt-gorica.hr\/de\/shop\/"},{"@type":"ListItem","position":3,"name":"JAKNA VISOKE VIDLJIVOSTI 3-U-1 PILOT &#8211; PJ50"}]},{"@type":"WebSite","@id":"https:\/\/lmt-gorica.hr\/#website","url":"https:\/\/lmt-gorica.hr\/","name":"LMT Gorica","description":"Strojno vezenje \/ \u0161tikanje, te ostale usluge koje idu uz \u0161tik","potentialAction":[{"@type":"SearchAction","target":{"@type":"EntryPoint","urlTemplate":"https:\/\/lmt-gorica.hr\/?s={search_term_string}"},"query-input":{"@type":"PropertyValueSpecification","valueRequired":true,"valueName":"search_term_string"}}],"inLanguage":"de"}]}},"_links":{"self":[{"href":"https:\/\/lmt-gorica.hr\/de\/wp-json\/wp\/v2\/product\/3935","targetHints":{"allow":["GET"]}}],"collection":[{"href":"https:\/\/lmt-gorica.hr\/de\/wp-json\/wp\/v2\/product"}],"about":[{"href":"https:\/\/lmt-gorica.hr\/de\/wp-json\/wp\/v2\/types\/product"}],"wp:featuredmedia":[{"embeddable":true,"href":"https:\/\/lmt-gorica.hr\/de\/wp-json\/wp\/v2\/media\/3936"}],"wp:attachment":[{"href":"https:\/\/lmt-gorica.hr\/de\/wp-json\/wp\/v2\/media?parent=3935"}],"wp:term":[{"taxonomy":"product_cat","embeddable":true,"href":"https:\/\/lmt-gorica.hr\/de\/wp-json\/wp\/v2\/product_cat?post=3935"},{"taxonomy":"product_tag","embeddable":true,"href":"https:\/\/lmt-gorica.hr\/de\/wp-json\/wp\/v2\/product_tag?post=3935"}],"curies":[{"name":"wp","href":"https:\/\/api.w.org\/{rel}","templated":true}]}}