{"id":3959,"date":"2018-11-05T21:27:47","date_gmt":"2018-11-05T20:27:47","guid":{"rendered":"https:\/\/lmt-gorica.hr\/?post_type=product&#038;p=3959"},"modified":"2018-11-05T21:30:22","modified_gmt":"2018-11-05T20:30:22","slug":"zastitna-visoka-cipela-steelite-kumo-s3-fw23","status":"publish","type":"product","link":"https:\/\/lmt-gorica.hr\/de\/produkt\/zastitna-visoka-cipela-steelite-kumo-s3-fw23\/","title":{"rendered":"ZA\u0160TITNA VISOKA CIPELA STEELITE KUMO S3 &#8211; FW23"},"content":{"rendered":"<p>Na\u0161a S3 Kumo visoka cipela izra\u0111ena je od vodoodbojne ko\u017ee. Ima \u010deli\u010dnu kapicu otpornu na ja\u010dinu udarca do 200J i \u010deli\u010dnu tabanicu. Otporna je na proklizavanje, na peti apsorbira energiju te pru\u017ea potpunu za\u0161titu.<\/p>\n<ul>\n<li>CE certificirano<\/li>\n<li>\u010celi\u010dna za\u0161titna kapica<\/li>\n<li>\u010celi\u010dna tabanica<\/li>\n<li>Antistati\u010dna obu\u0107a<\/li>\n<li>Apsorbira energiju u predjelu pete<\/li>\n<li>Vodoodbojno gornji\u0161te sprije\u010dava prodiranje vode<\/li>\n<li>Potplat otporan na proklizavanje spre\u010dava klizanje i spoticanje na kerami\u010dkim i \u010deli\u010dnim povr\u0161inama<\/li>\n<li>Potplat otporan na ulje i gorivo<\/li>\n<li>Dvostruki potplat<\/li>\n<li>Gumeni potplat otporan na klizanje, gorivo i ulje<\/li>\n<\/ul>\n<p><strong>Standards<\/strong><\/p>\n<ul>\n<li>EN ISO 20345:2011<\/li>\n<\/ul>\n","protected":false},"excerpt":{"rendered":"<p>Na\u0161a S3 Kumo visoka cipela izra\u0111ena je od vodoodbojne ko\u017ee. Ima \u010deli\u010dnu kapicu otpornu na ja\u010dinu udarca do 200J i<\/p>\n","protected":false},"featured_media":3960,"template":"","meta":[],"product_cat":[113],"product_tag":[],"class_list":{"0":"post-3959","1":"product","2":"type-product","3":"status-publish","4":"has-post-thumbnail","6":"product_cat-radni-program","7":"pa_brand-portwest","9":"first","10":"instock","11":"shipping-taxable","12":"purchasable","13":"product-type-variable"},"yoast_head":"<!-- This site is optimized with the Yoast SEO plugin v23.9 - https:\/\/yoast.com\/wordpress\/plugins\/seo\/ -->\n<title>ZA\u0160TITNA VISOKA CIPELA STEELITE KUMO S3 - FW23 - LMT Gorica<\/title>\n<meta name=\"robots\" content=\"index, follow, max-snippet:-1, max-image-preview:large, max-video-preview:-1\" \/>\n<link rel=\"canonical\" href=\"https:\/\/lmt-gorica.hr\/proizvod\/zastitna-visoka-cipela-steelite-kumo-s3-fw23\/\" \/>\n<meta property=\"og:locale\" content=\"de_DE\" \/>\n<meta property=\"og:type\" content=\"article\" \/>\n<meta property=\"og:title\" content=\"ZA\u0160TITNA VISOKA CIPELA STEELITE KUMO S3 - FW23 - LMT Gorica\" \/>\n<meta property=\"og:description\" content=\"Na\u0161a S3 Kumo visoka cipela izra\u0111ena je od vodoodbojne ko\u017ee. Ima \u010deli\u010dnu kapicu otpornu na ja\u010dinu udarca do 200J i\" \/>\n<meta property=\"og:url\" content=\"https:\/\/lmt-gorica.hr\/proizvod\/zastitna-visoka-cipela-steelite-kumo-s3-fw23\/\" \/>\n<meta property=\"og:site_name\" content=\"LMT Gorica\" \/>\n<meta property=\"article:modified_time\" content=\"2018-11-05T20:30:22+00:00\" \/>\n<meta property=\"og:image\" content=\"https:\/\/lmt-gorica.hr\/wp-content\/uploads\/2018\/11\/ZA\u0160TITNA-VISOKA-CIPELA-STEELITE-KUMO-S3-FW23.png\" \/>\n\t<meta property=\"og:image:width\" content=\"1000\" \/>\n\t<meta property=\"og:image:height\" content=\"1000\" \/>\n\t<meta property=\"og:image:type\" content=\"image\/png\" \/>\n<meta name=\"twitter:card\" content=\"summary_large_image\" \/>\n<meta name=\"twitter:label1\" content=\"Gesch\u00e4tzte Lesezeit\" \/>\n\t<meta name=\"twitter:data1\" content=\"1\u00a0Minute\" \/>\n<script type=\"application\/ld+json\" class=\"yoast-schema-graph\">{\"@context\":\"https:\/\/schema.org\",\"@graph\":[{\"@type\":\"WebPage\",\"@id\":\"https:\/\/lmt-gorica.hr\/proizvod\/zastitna-visoka-cipela-steelite-kumo-s3-fw23\/\",\"url\":\"https:\/\/lmt-gorica.hr\/proizvod\/zastitna-visoka-cipela-steelite-kumo-s3-fw23\/\",\"name\":\"ZA\u0160TITNA VISOKA CIPELA STEELITE KUMO S3 - FW23 - LMT Gorica\",\"isPartOf\":{\"@id\":\"https:\/\/lmt-gorica.hr\/#website\"},\"primaryImageOfPage\":{\"@id\":\"https:\/\/lmt-gorica.hr\/proizvod\/zastitna-visoka-cipela-steelite-kumo-s3-fw23\/#primaryimage\"},\"image\":{\"@id\":\"https:\/\/lmt-gorica.hr\/proizvod\/zastitna-visoka-cipela-steelite-kumo-s3-fw23\/#primaryimage\"},\"thumbnailUrl\":\"https:\/\/lmt-gorica.hr\/wp-content\/uploads\/2018\/11\/ZA\u0160TITNA-VISOKA-CIPELA-STEELITE-KUMO-S3-FW23.png\",\"datePublished\":\"2018-11-05T20:27:47+00:00\",\"dateModified\":\"2018-11-05T20:30:22+00:00\",\"breadcrumb\":{\"@id\":\"https:\/\/lmt-gorica.hr\/proizvod\/zastitna-visoka-cipela-steelite-kumo-s3-fw23\/#breadcrumb\"},\"inLanguage\":\"de\",\"potentialAction\":[{\"@type\":\"ReadAction\",\"target\":[\"https:\/\/lmt-gorica.hr\/proizvod\/zastitna-visoka-cipela-steelite-kumo-s3-fw23\/\"]}]},{\"@type\":\"ImageObject\",\"inLanguage\":\"de\",\"@id\":\"https:\/\/lmt-gorica.hr\/proizvod\/zastitna-visoka-cipela-steelite-kumo-s3-fw23\/#primaryimage\",\"url\":\"https:\/\/lmt-gorica.hr\/wp-content\/uploads\/2018\/11\/ZA\u0160TITNA-VISOKA-CIPELA-STEELITE-KUMO-S3-FW23.png\",\"contentUrl\":\"https:\/\/lmt-gorica.hr\/wp-content\/uploads\/2018\/11\/ZA\u0160TITNA-VISOKA-CIPELA-STEELITE-KUMO-S3-FW23.png\",\"width\":1000,\"height\":1000},{\"@type\":\"BreadcrumbList\",\"@id\":\"https:\/\/lmt-gorica.hr\/proizvod\/zastitna-visoka-cipela-steelite-kumo-s3-fw23\/#breadcrumb\",\"itemListElement\":[{\"@type\":\"ListItem\",\"position\":1,\"name\":\"Po\u010detna stranica\",\"item\":\"https:\/\/lmt-gorica.hr\/de\/\"},{\"@type\":\"ListItem\",\"position\":2,\"name\":\"Shop\",\"item\":\"https:\/\/lmt-gorica.hr\/de\/shop\/\"},{\"@type\":\"ListItem\",\"position\":3,\"name\":\"ZA\u0160TITNA VISOKA CIPELA STEELITE KUMO S3 &#8211; FW23\"}]},{\"@type\":\"WebSite\",\"@id\":\"https:\/\/lmt-gorica.hr\/#website\",\"url\":\"https:\/\/lmt-gorica.hr\/\",\"name\":\"LMT Gorica\",\"description\":\"Strojno vezenje \/ \u0161tikanje, te ostale usluge koje idu uz \u0161tik\",\"potentialAction\":[{\"@type\":\"SearchAction\",\"target\":{\"@type\":\"EntryPoint\",\"urlTemplate\":\"https:\/\/lmt-gorica.hr\/?s={search_term_string}\"},\"query-input\":{\"@type\":\"PropertyValueSpecification\",\"valueRequired\":true,\"valueName\":\"search_term_string\"}}],\"inLanguage\":\"de\"}]}<\/script>\n<!-- \/ Yoast SEO plugin. -->","yoast_head_json":{"title":"ZA\u0160TITNA VISOKA CIPELA STEELITE KUMO S3 - FW23 - LMT Gorica","robots":{"index":"index","follow":"follow","max-snippet":"max-snippet:-1","max-image-preview":"max-image-preview:large","max-video-preview":"max-video-preview:-1"},"canonical":"https:\/\/lmt-gorica.hr\/proizvod\/zastitna-visoka-cipela-steelite-kumo-s3-fw23\/","og_locale":"de_DE","og_type":"article","og_title":"ZA\u0160TITNA VISOKA CIPELA STEELITE KUMO S3 - FW23 - LMT Gorica","og_description":"Na\u0161a S3 Kumo visoka cipela izra\u0111ena je od vodoodbojne ko\u017ee. Ima \u010deli\u010dnu kapicu otpornu na ja\u010dinu udarca do 200J i","og_url":"https:\/\/lmt-gorica.hr\/proizvod\/zastitna-visoka-cipela-steelite-kumo-s3-fw23\/","og_site_name":"LMT Gorica","article_modified_time":"2018-11-05T20:30:22+00:00","og_image":[{"width":1000,"height":1000,"url":"https:\/\/lmt-gorica.hr\/wp-content\/uploads\/2018\/11\/ZA\u0160TITNA-VISOKA-CIPELA-STEELITE-KUMO-S3-FW23.png","type":"image\/png"}],"twitter_card":"summary_large_image","twitter_misc":{"Gesch\u00e4tzte Lesezeit":"1\u00a0Minute"},"schema":{"@context":"https:\/\/schema.org","@graph":[{"@type":"WebPage","@id":"https:\/\/lmt-gorica.hr\/proizvod\/zastitna-visoka-cipela-steelite-kumo-s3-fw23\/","url":"https:\/\/lmt-gorica.hr\/proizvod\/zastitna-visoka-cipela-steelite-kumo-s3-fw23\/","name":"ZA\u0160TITNA VISOKA CIPELA STEELITE KUMO S3 - FW23 - LMT Gorica","isPartOf":{"@id":"https:\/\/lmt-gorica.hr\/#website"},"primaryImageOfPage":{"@id":"https:\/\/lmt-gorica.hr\/proizvod\/zastitna-visoka-cipela-steelite-kumo-s3-fw23\/#primaryimage"},"image":{"@id":"https:\/\/lmt-gorica.hr\/proizvod\/zastitna-visoka-cipela-steelite-kumo-s3-fw23\/#primaryimage"},"thumbnailUrl":"https:\/\/lmt-gorica.hr\/wp-content\/uploads\/2018\/11\/ZA\u0160TITNA-VISOKA-CIPELA-STEELITE-KUMO-S3-FW23.png","datePublished":"2018-11-05T20:27:47+00:00","dateModified":"2018-11-05T20:30:22+00:00","breadcrumb":{"@id":"https:\/\/lmt-gorica.hr\/proizvod\/zastitna-visoka-cipela-steelite-kumo-s3-fw23\/#breadcrumb"},"inLanguage":"de","potentialAction":[{"@type":"ReadAction","target":["https:\/\/lmt-gorica.hr\/proizvod\/zastitna-visoka-cipela-steelite-kumo-s3-fw23\/"]}]},{"@type":"ImageObject","inLanguage":"de","@id":"https:\/\/lmt-gorica.hr\/proizvod\/zastitna-visoka-cipela-steelite-kumo-s3-fw23\/#primaryimage","url":"https:\/\/lmt-gorica.hr\/wp-content\/uploads\/2018\/11\/ZA\u0160TITNA-VISOKA-CIPELA-STEELITE-KUMO-S3-FW23.png","contentUrl":"https:\/\/lmt-gorica.hr\/wp-content\/uploads\/2018\/11\/ZA\u0160TITNA-VISOKA-CIPELA-STEELITE-KUMO-S3-FW23.png","width":1000,"height":1000},{"@type":"BreadcrumbList","@id":"https:\/\/lmt-gorica.hr\/proizvod\/zastitna-visoka-cipela-steelite-kumo-s3-fw23\/#breadcrumb","itemListElement":[{"@type":"ListItem","position":1,"name":"Po\u010detna stranica","item":"https:\/\/lmt-gorica.hr\/de\/"},{"@type":"ListItem","position":2,"name":"Shop","item":"https:\/\/lmt-gorica.hr\/de\/shop\/"},{"@type":"ListItem","position":3,"name":"ZA\u0160TITNA VISOKA CIPELA STEELITE KUMO S3 &#8211; FW23"}]},{"@type":"WebSite","@id":"https:\/\/lmt-gorica.hr\/#website","url":"https:\/\/lmt-gorica.hr\/","name":"LMT Gorica","description":"Strojno vezenje \/ \u0161tikanje, te ostale usluge koje idu uz \u0161tik","potentialAction":[{"@type":"SearchAction","target":{"@type":"EntryPoint","urlTemplate":"https:\/\/lmt-gorica.hr\/?s={search_term_string}"},"query-input":{"@type":"PropertyValueSpecification","valueRequired":true,"valueName":"search_term_string"}}],"inLanguage":"de"}]}},"_links":{"self":[{"href":"https:\/\/lmt-gorica.hr\/de\/wp-json\/wp\/v2\/product\/3959","targetHints":{"allow":["GET"]}}],"collection":[{"href":"https:\/\/lmt-gorica.hr\/de\/wp-json\/wp\/v2\/product"}],"about":[{"href":"https:\/\/lmt-gorica.hr\/de\/wp-json\/wp\/v2\/types\/product"}],"wp:featuredmedia":[{"embeddable":true,"href":"https:\/\/lmt-gorica.hr\/de\/wp-json\/wp\/v2\/media\/3960"}],"wp:attachment":[{"href":"https:\/\/lmt-gorica.hr\/de\/wp-json\/wp\/v2\/media?parent=3959"}],"wp:term":[{"taxonomy":"product_cat","embeddable":true,"href":"https:\/\/lmt-gorica.hr\/de\/wp-json\/wp\/v2\/product_cat?post=3959"},{"taxonomy":"product_tag","embeddable":true,"href":"https:\/\/lmt-gorica.hr\/de\/wp-json\/wp\/v2\/product_tag?post=3959"}],"curies":[{"name":"wp","href":"https:\/\/api.w.org\/{rel}","templated":true}]}}