{"id":3964,"date":"2018-11-05T21:37:46","date_gmt":"2018-11-05T20:37:46","guid":{"rendered":"https:\/\/lmt-gorica.hr\/?post_type=product&#038;p=3964"},"modified":"2018-11-05T21:37:47","modified_gmt":"2018-11-05T20:37:47","slug":"flis-city-f401","status":"publish","type":"product","link":"https:\/\/lmt-gorica.hr\/de\/produkt\/flis-city-f401\/","title":{"rendered":"FLIS CITY &#8211; F401"},"content":{"rendered":"<p>Moderan dizajn u dvije boje. Flis te\u017ee grama\u017ee mo\u017ee biti za rad ili slobodno vrijeme, dok donji d\u017eepovi sa zatvara\u010dem i gornji na prsima pru\u017eaju dovoljno mjesta za pohranu stvari. Zatvara\u010di su u srebrnoj boji.<\/p>\n<ul class=\"features-text\">\n<li>Dvostrani te\u0161ki polarni flis, dvije nijanse<\/li>\n<li>Anti-pill izdr\u017eljiva vunena tkanina<\/li>\n<li>Flis podstava za dodatnu udobnost i toplinu<\/li>\n<li>Ovratnik podstavljen flisom zadr\u017eava toplinu<\/li>\n<li>3 d\u017eepa za pohranu<\/li>\n<li>D\u017eep za mobitel<\/li>\n<li>Kontrastni srebrni patentni zatvara\u010d<\/li>\n<li>Elasti\u010dne man\u017eete za dodatnu sigurnos<\/li>\n<li>Dostupno u \u0161irokom izboru korporativnih boja<\/li>\n<\/ul>\n","protected":false},"excerpt":{"rendered":"<p>Moderan dizajn u dvije boje. Flis te\u017ee grama\u017ee mo\u017ee biti za rad ili slobodno vrijeme, dok donji d\u017eepovi sa zatvara\u010dem<\/p>\n","protected":false},"featured_media":3965,"template":"","meta":[],"product_cat":[113],"product_tag":[],"class_list":{"0":"post-3964","1":"product","2":"type-product","3":"status-publish","4":"has-post-thumbnail","6":"product_cat-radni-program","7":"pa_brand-portwest","9":"first","10":"instock","11":"shipping-taxable","12":"purchasable","13":"product-type-variable"},"yoast_head":"<!-- This site is optimized with the Yoast SEO plugin v23.9 - https:\/\/yoast.com\/wordpress\/plugins\/seo\/ -->\n<title>FLIS CITY - F401 - LMT Gorica<\/title>\n<meta name=\"robots\" content=\"index, follow, max-snippet:-1, max-image-preview:large, max-video-preview:-1\" \/>\n<link rel=\"canonical\" href=\"https:\/\/lmt-gorica.hr\/proizvod\/flis-city-f401\/\" \/>\n<meta property=\"og:locale\" content=\"de_DE\" \/>\n<meta property=\"og:type\" content=\"article\" \/>\n<meta property=\"og:title\" content=\"FLIS CITY - F401 - LMT Gorica\" \/>\n<meta property=\"og:description\" content=\"Moderan dizajn u dvije boje. Flis te\u017ee grama\u017ee mo\u017ee biti za rad ili slobodno vrijeme, dok donji d\u017eepovi sa zatvara\u010dem\" \/>\n<meta property=\"og:url\" content=\"https:\/\/lmt-gorica.hr\/proizvod\/flis-city-f401\/\" \/>\n<meta property=\"og:site_name\" content=\"LMT Gorica\" \/>\n<meta property=\"article:modified_time\" content=\"2018-11-05T20:37:47+00:00\" \/>\n<meta property=\"og:image\" content=\"https:\/\/lmt-gorica.hr\/wp-content\/uploads\/2018\/11\/FLIS-CITY-F401.png\" \/>\n\t<meta property=\"og:image:width\" content=\"1000\" \/>\n\t<meta property=\"og:image:height\" content=\"1000\" \/>\n\t<meta property=\"og:image:type\" content=\"image\/png\" \/>\n<meta name=\"twitter:card\" content=\"summary_large_image\" \/>\n<script type=\"application\/ld+json\" class=\"yoast-schema-graph\">{\"@context\":\"https:\/\/schema.org\",\"@graph\":[{\"@type\":\"WebPage\",\"@id\":\"https:\/\/lmt-gorica.hr\/proizvod\/flis-city-f401\/\",\"url\":\"https:\/\/lmt-gorica.hr\/proizvod\/flis-city-f401\/\",\"name\":\"FLIS CITY - F401 - LMT Gorica\",\"isPartOf\":{\"@id\":\"https:\/\/lmt-gorica.hr\/#website\"},\"primaryImageOfPage\":{\"@id\":\"https:\/\/lmt-gorica.hr\/proizvod\/flis-city-f401\/#primaryimage\"},\"image\":{\"@id\":\"https:\/\/lmt-gorica.hr\/proizvod\/flis-city-f401\/#primaryimage\"},\"thumbnailUrl\":\"https:\/\/lmt-gorica.hr\/wp-content\/uploads\/2018\/11\/FLIS-CITY-F401.png\",\"datePublished\":\"2018-11-05T20:37:46+00:00\",\"dateModified\":\"2018-11-05T20:37:47+00:00\",\"breadcrumb\":{\"@id\":\"https:\/\/lmt-gorica.hr\/proizvod\/flis-city-f401\/#breadcrumb\"},\"inLanguage\":\"de\",\"potentialAction\":[{\"@type\":\"ReadAction\",\"target\":[\"https:\/\/lmt-gorica.hr\/proizvod\/flis-city-f401\/\"]}]},{\"@type\":\"ImageObject\",\"inLanguage\":\"de\",\"@id\":\"https:\/\/lmt-gorica.hr\/proizvod\/flis-city-f401\/#primaryimage\",\"url\":\"https:\/\/lmt-gorica.hr\/wp-content\/uploads\/2018\/11\/FLIS-CITY-F401.png\",\"contentUrl\":\"https:\/\/lmt-gorica.hr\/wp-content\/uploads\/2018\/11\/FLIS-CITY-F401.png\",\"width\":1000,\"height\":1000},{\"@type\":\"BreadcrumbList\",\"@id\":\"https:\/\/lmt-gorica.hr\/proizvod\/flis-city-f401\/#breadcrumb\",\"itemListElement\":[{\"@type\":\"ListItem\",\"position\":1,\"name\":\"Po\u010detna stranica\",\"item\":\"https:\/\/lmt-gorica.hr\/de\/\"},{\"@type\":\"ListItem\",\"position\":2,\"name\":\"Shop\",\"item\":\"https:\/\/lmt-gorica.hr\/de\/shop\/\"},{\"@type\":\"ListItem\",\"position\":3,\"name\":\"FLIS CITY &#8211; F401\"}]},{\"@type\":\"WebSite\",\"@id\":\"https:\/\/lmt-gorica.hr\/#website\",\"url\":\"https:\/\/lmt-gorica.hr\/\",\"name\":\"LMT Gorica\",\"description\":\"Strojno vezenje \/ \u0161tikanje, te ostale usluge koje idu uz \u0161tik\",\"potentialAction\":[{\"@type\":\"SearchAction\",\"target\":{\"@type\":\"EntryPoint\",\"urlTemplate\":\"https:\/\/lmt-gorica.hr\/?s={search_term_string}\"},\"query-input\":{\"@type\":\"PropertyValueSpecification\",\"valueRequired\":true,\"valueName\":\"search_term_string\"}}],\"inLanguage\":\"de\"}]}<\/script>\n<!-- \/ Yoast SEO plugin. -->","yoast_head_json":{"title":"FLIS CITY - F401 - LMT Gorica","robots":{"index":"index","follow":"follow","max-snippet":"max-snippet:-1","max-image-preview":"max-image-preview:large","max-video-preview":"max-video-preview:-1"},"canonical":"https:\/\/lmt-gorica.hr\/proizvod\/flis-city-f401\/","og_locale":"de_DE","og_type":"article","og_title":"FLIS CITY - F401 - LMT Gorica","og_description":"Moderan dizajn u dvije boje. Flis te\u017ee grama\u017ee mo\u017ee biti za rad ili slobodno vrijeme, dok donji d\u017eepovi sa zatvara\u010dem","og_url":"https:\/\/lmt-gorica.hr\/proizvod\/flis-city-f401\/","og_site_name":"LMT Gorica","article_modified_time":"2018-11-05T20:37:47+00:00","og_image":[{"width":1000,"height":1000,"url":"https:\/\/lmt-gorica.hr\/wp-content\/uploads\/2018\/11\/FLIS-CITY-F401.png","type":"image\/png"}],"twitter_card":"summary_large_image","schema":{"@context":"https:\/\/schema.org","@graph":[{"@type":"WebPage","@id":"https:\/\/lmt-gorica.hr\/proizvod\/flis-city-f401\/","url":"https:\/\/lmt-gorica.hr\/proizvod\/flis-city-f401\/","name":"FLIS CITY - F401 - LMT Gorica","isPartOf":{"@id":"https:\/\/lmt-gorica.hr\/#website"},"primaryImageOfPage":{"@id":"https:\/\/lmt-gorica.hr\/proizvod\/flis-city-f401\/#primaryimage"},"image":{"@id":"https:\/\/lmt-gorica.hr\/proizvod\/flis-city-f401\/#primaryimage"},"thumbnailUrl":"https:\/\/lmt-gorica.hr\/wp-content\/uploads\/2018\/11\/FLIS-CITY-F401.png","datePublished":"2018-11-05T20:37:46+00:00","dateModified":"2018-11-05T20:37:47+00:00","breadcrumb":{"@id":"https:\/\/lmt-gorica.hr\/proizvod\/flis-city-f401\/#breadcrumb"},"inLanguage":"de","potentialAction":[{"@type":"ReadAction","target":["https:\/\/lmt-gorica.hr\/proizvod\/flis-city-f401\/"]}]},{"@type":"ImageObject","inLanguage":"de","@id":"https:\/\/lmt-gorica.hr\/proizvod\/flis-city-f401\/#primaryimage","url":"https:\/\/lmt-gorica.hr\/wp-content\/uploads\/2018\/11\/FLIS-CITY-F401.png","contentUrl":"https:\/\/lmt-gorica.hr\/wp-content\/uploads\/2018\/11\/FLIS-CITY-F401.png","width":1000,"height":1000},{"@type":"BreadcrumbList","@id":"https:\/\/lmt-gorica.hr\/proizvod\/flis-city-f401\/#breadcrumb","itemListElement":[{"@type":"ListItem","position":1,"name":"Po\u010detna stranica","item":"https:\/\/lmt-gorica.hr\/de\/"},{"@type":"ListItem","position":2,"name":"Shop","item":"https:\/\/lmt-gorica.hr\/de\/shop\/"},{"@type":"ListItem","position":3,"name":"FLIS CITY &#8211; F401"}]},{"@type":"WebSite","@id":"https:\/\/lmt-gorica.hr\/#website","url":"https:\/\/lmt-gorica.hr\/","name":"LMT Gorica","description":"Strojno vezenje \/ \u0161tikanje, te ostale usluge koje idu uz \u0161tik","potentialAction":[{"@type":"SearchAction","target":{"@type":"EntryPoint","urlTemplate":"https:\/\/lmt-gorica.hr\/?s={search_term_string}"},"query-input":{"@type":"PropertyValueSpecification","valueRequired":true,"valueName":"search_term_string"}}],"inLanguage":"de"}]}},"_links":{"self":[{"href":"https:\/\/lmt-gorica.hr\/de\/wp-json\/wp\/v2\/product\/3964","targetHints":{"allow":["GET"]}}],"collection":[{"href":"https:\/\/lmt-gorica.hr\/de\/wp-json\/wp\/v2\/product"}],"about":[{"href":"https:\/\/lmt-gorica.hr\/de\/wp-json\/wp\/v2\/types\/product"}],"wp:featuredmedia":[{"embeddable":true,"href":"https:\/\/lmt-gorica.hr\/de\/wp-json\/wp\/v2\/media\/3965"}],"wp:attachment":[{"href":"https:\/\/lmt-gorica.hr\/de\/wp-json\/wp\/v2\/media?parent=3964"}],"wp:term":[{"taxonomy":"product_cat","embeddable":true,"href":"https:\/\/lmt-gorica.hr\/de\/wp-json\/wp\/v2\/product_cat?post=3964"},{"taxonomy":"product_tag","embeddable":true,"href":"https:\/\/lmt-gorica.hr\/de\/wp-json\/wp\/v2\/product_tag?post=3964"}],"curies":[{"name":"wp","href":"https:\/\/api.w.org\/{rel}","templated":true}]}}