{"id":3980,"date":"2018-11-05T21:48:45","date_gmt":"2018-11-05T20:48:45","guid":{"rendered":"https:\/\/lmt-gorica.hr\/?post_type=product&#038;p=3980"},"modified":"2018-11-05T21:48:45","modified_gmt":"2018-11-05T20:48:45","slug":"radna-bluza-portwest-texo-contrast-tx10","status":"publish","type":"product","link":"https:\/\/lmt-gorica.hr\/de\/produkt\/radna-bluza-portwest-texo-contrast-tx10\/","title":{"rendered":"RADNA BLUZA PORTWEST TEXO CONTRAST &#8211; TX10"},"content":{"rendered":"<p>Ova moderna bluza opre\u010dnih boja korisna je i izdr\u017eljiva. Obilje\u017eja ove bluze su: d\u017eep na le\u0111ima za kapu i rukavice te \u010di\u010dak trake za pode\u0161avanje orukavlja.<\/p>\n<ul class=\"features-text\">\n<li>Visokokvalitetan pamuk za ve\u0107u udobnost<\/li>\n<li>Ovi odjevni predmeti odr\u017eavaju svoj oblik i nakon pranja jer se tkanina ne gu\u017eva<\/li>\n<li>Kontrasti boja za bolji izgled<\/li>\n<li>Za\u0161titni preklop na prednjici\\r\\n \u0161titi od vanjskih utjecaja<\/li>\n<li>12 d\u017eepova za pohranu<\/li>\n<li>D\u017eep na rukavu<\/li>\n<li>D\u017eep za mobitel<\/li>\n<li>Odvojivi ID d\u017eep<\/li>\n<li>Stra\u017enji d\u017eep<\/li>\n<li>Podesive man\u017eete \u010di\u010dak trakom, za sigurnije pristajanje<\/li>\n<li>Dodatno pro\u0161iveno na svim klju\u010dnim to\u010dkama<\/li>\n<li>Tkanina razine 50+ UPF blokira 98% UV zraka<\/li>\n<li>Elasti\u010dni struk s bo\u010dne strane za maksimalnu udobnost korisnika<\/li>\n<\/ul>\n","protected":false},"excerpt":{"rendered":"<p>Ova moderna bluza opre\u010dnih boja korisna je i izdr\u017eljiva. Obilje\u017eja ove bluze su: d\u017eep na le\u0111ima za kapu i rukavice<\/p>\n","protected":false},"featured_media":3981,"template":"","meta":[],"product_cat":[113],"product_tag":[],"class_list":{"0":"post-3980","1":"product","2":"type-product","3":"status-publish","4":"has-post-thumbnail","6":"product_cat-radni-program","7":"pa_brand-portwest","9":"first","10":"instock","11":"shipping-taxable","12":"purchasable","13":"product-type-variable"},"yoast_head":"<!-- This site is optimized with the Yoast SEO plugin v23.9 - https:\/\/yoast.com\/wordpress\/plugins\/seo\/ -->\n<title>RADNA BLUZA PORTWEST TEXO CONTRAST - TX10 - LMT Gorica<\/title>\n<meta name=\"robots\" content=\"index, follow, max-snippet:-1, max-image-preview:large, max-video-preview:-1\" \/>\n<link rel=\"canonical\" href=\"https:\/\/lmt-gorica.hr\/proizvod\/radna-bluza-portwest-texo-contrast-tx10\/\" \/>\n<meta property=\"og:locale\" content=\"de_DE\" \/>\n<meta property=\"og:type\" content=\"article\" \/>\n<meta property=\"og:title\" content=\"RADNA BLUZA PORTWEST TEXO CONTRAST - TX10 - LMT Gorica\" \/>\n<meta property=\"og:description\" content=\"Ova moderna bluza opre\u010dnih boja korisna je i izdr\u017eljiva. Obilje\u017eja ove bluze su: d\u017eep na le\u0111ima za kapu i rukavice\" \/>\n<meta property=\"og:url\" content=\"https:\/\/lmt-gorica.hr\/proizvod\/radna-bluza-portwest-texo-contrast-tx10\/\" \/>\n<meta property=\"og:site_name\" content=\"LMT Gorica\" \/>\n<meta property=\"og:image\" content=\"https:\/\/lmt-gorica.hr\/wp-content\/uploads\/2018\/11\/RADNA-BLUZA-PORTWEST-TEXO-CONTRAST-TX10.png\" \/>\n\t<meta property=\"og:image:width\" content=\"1000\" \/>\n\t<meta property=\"og:image:height\" content=\"1000\" \/>\n\t<meta property=\"og:image:type\" content=\"image\/png\" \/>\n<meta name=\"twitter:card\" content=\"summary_large_image\" \/>\n<meta name=\"twitter:label1\" content=\"Gesch\u00e4tzte Lesezeit\" \/>\n\t<meta name=\"twitter:data1\" content=\"1\u00a0Minute\" \/>\n<script type=\"application\/ld+json\" class=\"yoast-schema-graph\">{\"@context\":\"https:\/\/schema.org\",\"@graph\":[{\"@type\":\"WebPage\",\"@id\":\"https:\/\/lmt-gorica.hr\/proizvod\/radna-bluza-portwest-texo-contrast-tx10\/\",\"url\":\"https:\/\/lmt-gorica.hr\/proizvod\/radna-bluza-portwest-texo-contrast-tx10\/\",\"name\":\"RADNA BLUZA PORTWEST TEXO CONTRAST - TX10 - LMT Gorica\",\"isPartOf\":{\"@id\":\"https:\/\/lmt-gorica.hr\/#website\"},\"primaryImageOfPage\":{\"@id\":\"https:\/\/lmt-gorica.hr\/proizvod\/radna-bluza-portwest-texo-contrast-tx10\/#primaryimage\"},\"image\":{\"@id\":\"https:\/\/lmt-gorica.hr\/proizvod\/radna-bluza-portwest-texo-contrast-tx10\/#primaryimage\"},\"thumbnailUrl\":\"https:\/\/lmt-gorica.hr\/wp-content\/uploads\/2018\/11\/RADNA-BLUZA-PORTWEST-TEXO-CONTRAST-TX10.png\",\"datePublished\":\"2018-11-05T20:48:45+00:00\",\"dateModified\":\"2018-11-05T20:48:45+00:00\",\"breadcrumb\":{\"@id\":\"https:\/\/lmt-gorica.hr\/proizvod\/radna-bluza-portwest-texo-contrast-tx10\/#breadcrumb\"},\"inLanguage\":\"de\",\"potentialAction\":[{\"@type\":\"ReadAction\",\"target\":[\"https:\/\/lmt-gorica.hr\/proizvod\/radna-bluza-portwest-texo-contrast-tx10\/\"]}]},{\"@type\":\"ImageObject\",\"inLanguage\":\"de\",\"@id\":\"https:\/\/lmt-gorica.hr\/proizvod\/radna-bluza-portwest-texo-contrast-tx10\/#primaryimage\",\"url\":\"https:\/\/lmt-gorica.hr\/wp-content\/uploads\/2018\/11\/RADNA-BLUZA-PORTWEST-TEXO-CONTRAST-TX10.png\",\"contentUrl\":\"https:\/\/lmt-gorica.hr\/wp-content\/uploads\/2018\/11\/RADNA-BLUZA-PORTWEST-TEXO-CONTRAST-TX10.png\",\"width\":1000,\"height\":1000},{\"@type\":\"BreadcrumbList\",\"@id\":\"https:\/\/lmt-gorica.hr\/proizvod\/radna-bluza-portwest-texo-contrast-tx10\/#breadcrumb\",\"itemListElement\":[{\"@type\":\"ListItem\",\"position\":1,\"name\":\"Po\u010detna stranica\",\"item\":\"https:\/\/lmt-gorica.hr\/de\/\"},{\"@type\":\"ListItem\",\"position\":2,\"name\":\"Shop\",\"item\":\"https:\/\/lmt-gorica.hr\/de\/shop\/\"},{\"@type\":\"ListItem\",\"position\":3,\"name\":\"RADNA BLUZA PORTWEST TEXO CONTRAST &#8211; TX10\"}]},{\"@type\":\"WebSite\",\"@id\":\"https:\/\/lmt-gorica.hr\/#website\",\"url\":\"https:\/\/lmt-gorica.hr\/\",\"name\":\"LMT Gorica\",\"description\":\"Strojno vezenje \/ \u0161tikanje, te ostale usluge koje idu uz \u0161tik\",\"potentialAction\":[{\"@type\":\"SearchAction\",\"target\":{\"@type\":\"EntryPoint\",\"urlTemplate\":\"https:\/\/lmt-gorica.hr\/?s={search_term_string}\"},\"query-input\":{\"@type\":\"PropertyValueSpecification\",\"valueRequired\":true,\"valueName\":\"search_term_string\"}}],\"inLanguage\":\"de\"}]}<\/script>\n<!-- \/ Yoast SEO plugin. -->","yoast_head_json":{"title":"RADNA BLUZA PORTWEST TEXO CONTRAST - TX10 - LMT Gorica","robots":{"index":"index","follow":"follow","max-snippet":"max-snippet:-1","max-image-preview":"max-image-preview:large","max-video-preview":"max-video-preview:-1"},"canonical":"https:\/\/lmt-gorica.hr\/proizvod\/radna-bluza-portwest-texo-contrast-tx10\/","og_locale":"de_DE","og_type":"article","og_title":"RADNA BLUZA PORTWEST TEXO CONTRAST - TX10 - LMT Gorica","og_description":"Ova moderna bluza opre\u010dnih boja korisna je i izdr\u017eljiva. Obilje\u017eja ove bluze su: d\u017eep na le\u0111ima za kapu i rukavice","og_url":"https:\/\/lmt-gorica.hr\/proizvod\/radna-bluza-portwest-texo-contrast-tx10\/","og_site_name":"LMT Gorica","og_image":[{"width":1000,"height":1000,"url":"https:\/\/lmt-gorica.hr\/wp-content\/uploads\/2018\/11\/RADNA-BLUZA-PORTWEST-TEXO-CONTRAST-TX10.png","type":"image\/png"}],"twitter_card":"summary_large_image","twitter_misc":{"Gesch\u00e4tzte Lesezeit":"1\u00a0Minute"},"schema":{"@context":"https:\/\/schema.org","@graph":[{"@type":"WebPage","@id":"https:\/\/lmt-gorica.hr\/proizvod\/radna-bluza-portwest-texo-contrast-tx10\/","url":"https:\/\/lmt-gorica.hr\/proizvod\/radna-bluza-portwest-texo-contrast-tx10\/","name":"RADNA BLUZA PORTWEST TEXO CONTRAST - TX10 - LMT Gorica","isPartOf":{"@id":"https:\/\/lmt-gorica.hr\/#website"},"primaryImageOfPage":{"@id":"https:\/\/lmt-gorica.hr\/proizvod\/radna-bluza-portwest-texo-contrast-tx10\/#primaryimage"},"image":{"@id":"https:\/\/lmt-gorica.hr\/proizvod\/radna-bluza-portwest-texo-contrast-tx10\/#primaryimage"},"thumbnailUrl":"https:\/\/lmt-gorica.hr\/wp-content\/uploads\/2018\/11\/RADNA-BLUZA-PORTWEST-TEXO-CONTRAST-TX10.png","datePublished":"2018-11-05T20:48:45+00:00","dateModified":"2018-11-05T20:48:45+00:00","breadcrumb":{"@id":"https:\/\/lmt-gorica.hr\/proizvod\/radna-bluza-portwest-texo-contrast-tx10\/#breadcrumb"},"inLanguage":"de","potentialAction":[{"@type":"ReadAction","target":["https:\/\/lmt-gorica.hr\/proizvod\/radna-bluza-portwest-texo-contrast-tx10\/"]}]},{"@type":"ImageObject","inLanguage":"de","@id":"https:\/\/lmt-gorica.hr\/proizvod\/radna-bluza-portwest-texo-contrast-tx10\/#primaryimage","url":"https:\/\/lmt-gorica.hr\/wp-content\/uploads\/2018\/11\/RADNA-BLUZA-PORTWEST-TEXO-CONTRAST-TX10.png","contentUrl":"https:\/\/lmt-gorica.hr\/wp-content\/uploads\/2018\/11\/RADNA-BLUZA-PORTWEST-TEXO-CONTRAST-TX10.png","width":1000,"height":1000},{"@type":"BreadcrumbList","@id":"https:\/\/lmt-gorica.hr\/proizvod\/radna-bluza-portwest-texo-contrast-tx10\/#breadcrumb","itemListElement":[{"@type":"ListItem","position":1,"name":"Po\u010detna stranica","item":"https:\/\/lmt-gorica.hr\/de\/"},{"@type":"ListItem","position":2,"name":"Shop","item":"https:\/\/lmt-gorica.hr\/de\/shop\/"},{"@type":"ListItem","position":3,"name":"RADNA BLUZA PORTWEST TEXO CONTRAST &#8211; TX10"}]},{"@type":"WebSite","@id":"https:\/\/lmt-gorica.hr\/#website","url":"https:\/\/lmt-gorica.hr\/","name":"LMT Gorica","description":"Strojno vezenje \/ \u0161tikanje, te ostale usluge koje idu uz \u0161tik","potentialAction":[{"@type":"SearchAction","target":{"@type":"EntryPoint","urlTemplate":"https:\/\/lmt-gorica.hr\/?s={search_term_string}"},"query-input":{"@type":"PropertyValueSpecification","valueRequired":true,"valueName":"search_term_string"}}],"inLanguage":"de"}]}},"_links":{"self":[{"href":"https:\/\/lmt-gorica.hr\/de\/wp-json\/wp\/v2\/product\/3980","targetHints":{"allow":["GET"]}}],"collection":[{"href":"https:\/\/lmt-gorica.hr\/de\/wp-json\/wp\/v2\/product"}],"about":[{"href":"https:\/\/lmt-gorica.hr\/de\/wp-json\/wp\/v2\/types\/product"}],"wp:featuredmedia":[{"embeddable":true,"href":"https:\/\/lmt-gorica.hr\/de\/wp-json\/wp\/v2\/media\/3981"}],"wp:attachment":[{"href":"https:\/\/lmt-gorica.hr\/de\/wp-json\/wp\/v2\/media?parent=3980"}],"wp:term":[{"taxonomy":"product_cat","embeddable":true,"href":"https:\/\/lmt-gorica.hr\/de\/wp-json\/wp\/v2\/product_cat?post=3980"},{"taxonomy":"product_tag","embeddable":true,"href":"https:\/\/lmt-gorica.hr\/de\/wp-json\/wp\/v2\/product_tag?post=3980"}],"curies":[{"name":"wp","href":"https:\/\/api.w.org\/{rel}","templated":true}]}}