{"id":3992,"date":"2018-11-05T21:53:53","date_gmt":"2018-11-05T20:53:53","guid":{"rendered":"https:\/\/lmt-gorica.hr\/?post_type=product&#038;p=3992"},"modified":"2018-11-05T22:11:50","modified_gmt":"2018-11-05T21:11:50","slug":"radne-hlace-portwest-texo-contrast-tx11","status":"publish","type":"product","link":"https:\/\/lmt-gorica.hr\/de\/produkt\/radne-hlace-portwest-texo-contrast-tx11\/","title":{"rendered":"RADNE HLA\u010cE PORTWEST TEXO CONTRAST &#8211; TX11"},"content":{"rendered":"<ul class=\"features-text\">\n<li>Visokokvalitetan pamuk za ve\u0107u udobnost<\/li>\n<li>Meko tkanje<\/li>\n<li>Poluelasti\u010dan struk za sigurno i udobno no\u0161enje<\/li>\n<li>9 d\u017eepova za pohranu<\/li>\n<li>Dva stra\u017enja na\u0161ivena d\u017eepa<\/li>\n<li>D\u017eepovi za \u0161titnike za koljena *\u0160titnici za koljena prodaju se zasebno<\/li>\n<li>Porub podesiv \u010di\u010dak trakom za sigurnost no\u0161enja<\/li>\n<li>Prakti\u010dni pojas s D-ringom za za klju\u010deve i ID kartice<\/li>\n<li>Dvostruki \u0161avovi za dodatnu izdr\u017eljivost<\/li>\n<li>Dodatno pro\u0161iveno na svim klju\u010dnim to\u010dkama<\/li>\n<li>Dostupno u \u0161irokom izboru korporativnih boja<\/li>\n<li>Tkanina razine 50+ UPF blokira 98% UV zraka<\/li>\n<\/ul>\n","protected":false},"excerpt":{"rendered":"<p>Visokokvalitetan pamuk za ve\u0107u udobnost Meko tkanje Poluelasti\u010dan struk za sigurno i udobno no\u0161enje 9 d\u017eepova za pohranu Dva stra\u017enja<\/p>\n","protected":false},"featured_media":3993,"template":"","meta":[],"product_cat":[113],"product_tag":[],"class_list":{"0":"post-3992","1":"product","2":"type-product","3":"status-publish","4":"has-post-thumbnail","6":"product_cat-radni-program","7":"pa_brand-portwest","9":"first","10":"instock","11":"shipping-taxable","12":"purchasable","13":"product-type-variable"},"yoast_head":"<!-- This site is optimized with the Yoast SEO plugin v23.9 - https:\/\/yoast.com\/wordpress\/plugins\/seo\/ -->\n<title>RADNE HLA\u010cE PORTWEST TEXO CONTRAST - TX11 - LMT Gorica<\/title>\n<meta name=\"robots\" content=\"index, follow, max-snippet:-1, max-image-preview:large, max-video-preview:-1\" \/>\n<link rel=\"canonical\" href=\"https:\/\/lmt-gorica.hr\/proizvod\/radne-hlace-portwest-texo-contrast-tx11\/\" \/>\n<meta property=\"og:locale\" content=\"de_DE\" \/>\n<meta property=\"og:type\" content=\"article\" \/>\n<meta property=\"og:title\" content=\"RADNE HLA\u010cE PORTWEST TEXO CONTRAST - TX11 - LMT Gorica\" \/>\n<meta property=\"og:description\" content=\"Visokokvalitetan pamuk za ve\u0107u udobnost Meko tkanje Poluelasti\u010dan struk za sigurno i udobno no\u0161enje 9 d\u017eepova za pohranu Dva stra\u017enja\" \/>\n<meta property=\"og:url\" content=\"https:\/\/lmt-gorica.hr\/proizvod\/radne-hlace-portwest-texo-contrast-tx11\/\" \/>\n<meta property=\"og:site_name\" content=\"LMT Gorica\" \/>\n<meta property=\"article:modified_time\" content=\"2018-11-05T21:11:50+00:00\" \/>\n<meta property=\"og:image\" content=\"https:\/\/lmt-gorica.hr\/wp-content\/uploads\/2018\/11\/RADNE-HLA\u010cE-PORTWEST-TEXO-CONTRAST-TX11.png\" \/>\n\t<meta property=\"og:image:width\" content=\"1000\" \/>\n\t<meta property=\"og:image:height\" content=\"1000\" \/>\n\t<meta property=\"og:image:type\" content=\"image\/png\" \/>\n<meta name=\"twitter:card\" content=\"summary_large_image\" \/>\n<script type=\"application\/ld+json\" class=\"yoast-schema-graph\">{\"@context\":\"https:\/\/schema.org\",\"@graph\":[{\"@type\":\"WebPage\",\"@id\":\"https:\/\/lmt-gorica.hr\/proizvod\/radne-hlace-portwest-texo-contrast-tx11\/\",\"url\":\"https:\/\/lmt-gorica.hr\/proizvod\/radne-hlace-portwest-texo-contrast-tx11\/\",\"name\":\"RADNE HLA\u010cE PORTWEST TEXO CONTRAST - TX11 - LMT Gorica\",\"isPartOf\":{\"@id\":\"https:\/\/lmt-gorica.hr\/#website\"},\"primaryImageOfPage\":{\"@id\":\"https:\/\/lmt-gorica.hr\/proizvod\/radne-hlace-portwest-texo-contrast-tx11\/#primaryimage\"},\"image\":{\"@id\":\"https:\/\/lmt-gorica.hr\/proizvod\/radne-hlace-portwest-texo-contrast-tx11\/#primaryimage\"},\"thumbnailUrl\":\"https:\/\/lmt-gorica.hr\/wp-content\/uploads\/2018\/11\/RADNE-HLA\u010cE-PORTWEST-TEXO-CONTRAST-TX11.png\",\"datePublished\":\"2018-11-05T20:53:53+00:00\",\"dateModified\":\"2018-11-05T21:11:50+00:00\",\"breadcrumb\":{\"@id\":\"https:\/\/lmt-gorica.hr\/proizvod\/radne-hlace-portwest-texo-contrast-tx11\/#breadcrumb\"},\"inLanguage\":\"de\",\"potentialAction\":[{\"@type\":\"ReadAction\",\"target\":[\"https:\/\/lmt-gorica.hr\/proizvod\/radne-hlace-portwest-texo-contrast-tx11\/\"]}]},{\"@type\":\"ImageObject\",\"inLanguage\":\"de\",\"@id\":\"https:\/\/lmt-gorica.hr\/proizvod\/radne-hlace-portwest-texo-contrast-tx11\/#primaryimage\",\"url\":\"https:\/\/lmt-gorica.hr\/wp-content\/uploads\/2018\/11\/RADNE-HLA\u010cE-PORTWEST-TEXO-CONTRAST-TX11.png\",\"contentUrl\":\"https:\/\/lmt-gorica.hr\/wp-content\/uploads\/2018\/11\/RADNE-HLA\u010cE-PORTWEST-TEXO-CONTRAST-TX11.png\",\"width\":1000,\"height\":1000},{\"@type\":\"BreadcrumbList\",\"@id\":\"https:\/\/lmt-gorica.hr\/proizvod\/radne-hlace-portwest-texo-contrast-tx11\/#breadcrumb\",\"itemListElement\":[{\"@type\":\"ListItem\",\"position\":1,\"name\":\"Po\u010detna stranica\",\"item\":\"https:\/\/lmt-gorica.hr\/de\/\"},{\"@type\":\"ListItem\",\"position\":2,\"name\":\"Shop\",\"item\":\"https:\/\/lmt-gorica.hr\/de\/shop\/\"},{\"@type\":\"ListItem\",\"position\":3,\"name\":\"RADNE HLA\u010cE PORTWEST TEXO CONTRAST &#8211; TX11\"}]},{\"@type\":\"WebSite\",\"@id\":\"https:\/\/lmt-gorica.hr\/#website\",\"url\":\"https:\/\/lmt-gorica.hr\/\",\"name\":\"LMT Gorica\",\"description\":\"Strojno vezenje \/ \u0161tikanje, te ostale usluge koje idu uz \u0161tik\",\"potentialAction\":[{\"@type\":\"SearchAction\",\"target\":{\"@type\":\"EntryPoint\",\"urlTemplate\":\"https:\/\/lmt-gorica.hr\/?s={search_term_string}\"},\"query-input\":{\"@type\":\"PropertyValueSpecification\",\"valueRequired\":true,\"valueName\":\"search_term_string\"}}],\"inLanguage\":\"de\"}]}<\/script>\n<!-- \/ Yoast SEO plugin. -->","yoast_head_json":{"title":"RADNE HLA\u010cE PORTWEST TEXO CONTRAST - TX11 - LMT Gorica","robots":{"index":"index","follow":"follow","max-snippet":"max-snippet:-1","max-image-preview":"max-image-preview:large","max-video-preview":"max-video-preview:-1"},"canonical":"https:\/\/lmt-gorica.hr\/proizvod\/radne-hlace-portwest-texo-contrast-tx11\/","og_locale":"de_DE","og_type":"article","og_title":"RADNE HLA\u010cE PORTWEST TEXO CONTRAST - TX11 - LMT Gorica","og_description":"Visokokvalitetan pamuk za ve\u0107u udobnost Meko tkanje Poluelasti\u010dan struk za sigurno i udobno no\u0161enje 9 d\u017eepova za pohranu Dva stra\u017enja","og_url":"https:\/\/lmt-gorica.hr\/proizvod\/radne-hlace-portwest-texo-contrast-tx11\/","og_site_name":"LMT Gorica","article_modified_time":"2018-11-05T21:11:50+00:00","og_image":[{"width":1000,"height":1000,"url":"https:\/\/lmt-gorica.hr\/wp-content\/uploads\/2018\/11\/RADNE-HLA\u010cE-PORTWEST-TEXO-CONTRAST-TX11.png","type":"image\/png"}],"twitter_card":"summary_large_image","schema":{"@context":"https:\/\/schema.org","@graph":[{"@type":"WebPage","@id":"https:\/\/lmt-gorica.hr\/proizvod\/radne-hlace-portwest-texo-contrast-tx11\/","url":"https:\/\/lmt-gorica.hr\/proizvod\/radne-hlace-portwest-texo-contrast-tx11\/","name":"RADNE HLA\u010cE PORTWEST TEXO CONTRAST - TX11 - LMT Gorica","isPartOf":{"@id":"https:\/\/lmt-gorica.hr\/#website"},"primaryImageOfPage":{"@id":"https:\/\/lmt-gorica.hr\/proizvod\/radne-hlace-portwest-texo-contrast-tx11\/#primaryimage"},"image":{"@id":"https:\/\/lmt-gorica.hr\/proizvod\/radne-hlace-portwest-texo-contrast-tx11\/#primaryimage"},"thumbnailUrl":"https:\/\/lmt-gorica.hr\/wp-content\/uploads\/2018\/11\/RADNE-HLA\u010cE-PORTWEST-TEXO-CONTRAST-TX11.png","datePublished":"2018-11-05T20:53:53+00:00","dateModified":"2018-11-05T21:11:50+00:00","breadcrumb":{"@id":"https:\/\/lmt-gorica.hr\/proizvod\/radne-hlace-portwest-texo-contrast-tx11\/#breadcrumb"},"inLanguage":"de","potentialAction":[{"@type":"ReadAction","target":["https:\/\/lmt-gorica.hr\/proizvod\/radne-hlace-portwest-texo-contrast-tx11\/"]}]},{"@type":"ImageObject","inLanguage":"de","@id":"https:\/\/lmt-gorica.hr\/proizvod\/radne-hlace-portwest-texo-contrast-tx11\/#primaryimage","url":"https:\/\/lmt-gorica.hr\/wp-content\/uploads\/2018\/11\/RADNE-HLA\u010cE-PORTWEST-TEXO-CONTRAST-TX11.png","contentUrl":"https:\/\/lmt-gorica.hr\/wp-content\/uploads\/2018\/11\/RADNE-HLA\u010cE-PORTWEST-TEXO-CONTRAST-TX11.png","width":1000,"height":1000},{"@type":"BreadcrumbList","@id":"https:\/\/lmt-gorica.hr\/proizvod\/radne-hlace-portwest-texo-contrast-tx11\/#breadcrumb","itemListElement":[{"@type":"ListItem","position":1,"name":"Po\u010detna stranica","item":"https:\/\/lmt-gorica.hr\/de\/"},{"@type":"ListItem","position":2,"name":"Shop","item":"https:\/\/lmt-gorica.hr\/de\/shop\/"},{"@type":"ListItem","position":3,"name":"RADNE HLA\u010cE PORTWEST TEXO CONTRAST &#8211; TX11"}]},{"@type":"WebSite","@id":"https:\/\/lmt-gorica.hr\/#website","url":"https:\/\/lmt-gorica.hr\/","name":"LMT Gorica","description":"Strojno vezenje \/ \u0161tikanje, te ostale usluge koje idu uz \u0161tik","potentialAction":[{"@type":"SearchAction","target":{"@type":"EntryPoint","urlTemplate":"https:\/\/lmt-gorica.hr\/?s={search_term_string}"},"query-input":{"@type":"PropertyValueSpecification","valueRequired":true,"valueName":"search_term_string"}}],"inLanguage":"de"}]}},"_links":{"self":[{"href":"https:\/\/lmt-gorica.hr\/de\/wp-json\/wp\/v2\/product\/3992","targetHints":{"allow":["GET"]}}],"collection":[{"href":"https:\/\/lmt-gorica.hr\/de\/wp-json\/wp\/v2\/product"}],"about":[{"href":"https:\/\/lmt-gorica.hr\/de\/wp-json\/wp\/v2\/types\/product"}],"wp:featuredmedia":[{"embeddable":true,"href":"https:\/\/lmt-gorica.hr\/de\/wp-json\/wp\/v2\/media\/3993"}],"wp:attachment":[{"href":"https:\/\/lmt-gorica.hr\/de\/wp-json\/wp\/v2\/media?parent=3992"}],"wp:term":[{"taxonomy":"product_cat","embeddable":true,"href":"https:\/\/lmt-gorica.hr\/de\/wp-json\/wp\/v2\/product_cat?post=3992"},{"taxonomy":"product_tag","embeddable":true,"href":"https:\/\/lmt-gorica.hr\/de\/wp-json\/wp\/v2\/product_tag?post=3992"}],"curies":[{"name":"wp","href":"https:\/\/api.w.org\/{rel}","templated":true}]}}