{"id":4016,"date":"2018-11-05T22:07:08","date_gmt":"2018-11-05T21:07:08","guid":{"rendered":"https:\/\/lmt-gorica.hr\/?post_type=product&#038;p=4016"},"modified":"2018-11-05T22:07:08","modified_gmt":"2018-11-05T21:07:08","slug":"hamburg-jacket-tx33","status":"publish","type":"product","link":"https:\/\/lmt-gorica.hr\/de\/produkt\/hamburg-jacket-tx33\/","title":{"rendered":"HAMBURG JACKET &#8211; TX33"},"content":{"rendered":"<p>Jakna Hamburg je topla, prakti\u010dna i modernog dizajna. Gornji d\u017eepovi mogu smjestiti smart mobilni telefon, a prostrani donji imaju zatvara\u010de za dodatnu sigurnost. Tu su jo\u0161 reflektiraju\u0107i paspul i pritisna dugmad na orukavlju.<\/p>\n<ul class=\"features-text\">\n<li>Izdr\u017eljiva i otporna tkanina izvrsne postojanosti boje<\/li>\n<li>Kontrasti boja za bolji izgled<\/li>\n<li>Za\u0161titni preklop na prednjici\\r\\n \u0161titi od vanjskih utjecaja<\/li>\n<li>Pode\u0161avanje man\u017eeta kop\u010danjem na pritisnu dugmad za sigurno prianjanje<\/li>\n<li>Unutarnje kop\u010danje na gumbe i patent zatvara\u010d<\/li>\n<li>5 d\u017eepova za pohranu<\/li>\n<li>D\u017eep za mobitel<\/li>\n<li>Bo\u010dni d\u017eepovi s patent zatvara\u010dem<\/li>\n<li>Dvostruki \u0161avovi za dodatnu izdr\u017eljivost<\/li>\n<li>Dodatno pro\u0161iveno na svim klju\u010dnim to\u010dkama<\/li>\n<li>Dostupno u \u0161irokom izboru korporativnih boja<\/li>\n<li>Reflektiraju\u0107i paspul za dodatnu vidljivost<\/li>\n<li>Tkanina razine 50+ UPF blokira 98% UV zraka<\/li>\n<\/ul>\n","protected":false},"excerpt":{"rendered":"<p>Jakna Hamburg je topla, prakti\u010dna i modernog dizajna. Gornji d\u017eepovi mogu smjestiti smart mobilni telefon, a prostrani donji imaju zatvara\u010de<\/p>\n","protected":false},"featured_media":4017,"template":"","meta":[],"product_cat":[113],"product_tag":[],"class_list":{"0":"post-4016","1":"product","2":"type-product","3":"status-publish","4":"has-post-thumbnail","6":"product_cat-radni-program","7":"pa_brand-portwest","9":"first","10":"instock","11":"shipping-taxable","12":"purchasable","13":"product-type-variable"},"yoast_head":"<!-- This site is optimized with the Yoast SEO plugin v23.9 - https:\/\/yoast.com\/wordpress\/plugins\/seo\/ -->\n<title>HAMBURG JACKET - TX33 - LMT Gorica<\/title>\n<meta name=\"robots\" content=\"index, follow, max-snippet:-1, max-image-preview:large, max-video-preview:-1\" \/>\n<link rel=\"canonical\" href=\"https:\/\/lmt-gorica.hr\/proizvod\/hamburg-jacket-tx33\/\" \/>\n<meta property=\"og:locale\" content=\"de_DE\" \/>\n<meta property=\"og:type\" content=\"article\" \/>\n<meta property=\"og:title\" content=\"HAMBURG JACKET - TX33 - LMT Gorica\" \/>\n<meta property=\"og:description\" content=\"Jakna Hamburg je topla, prakti\u010dna i modernog dizajna. Gornji d\u017eepovi mogu smjestiti smart mobilni telefon, a prostrani donji imaju zatvara\u010de\" \/>\n<meta property=\"og:url\" content=\"https:\/\/lmt-gorica.hr\/proizvod\/hamburg-jacket-tx33\/\" \/>\n<meta property=\"og:site_name\" content=\"LMT Gorica\" \/>\n<meta property=\"og:image\" content=\"https:\/\/lmt-gorica.hr\/wp-content\/uploads\/2018\/11\/HAMBURG-JACKET-TX33.png\" \/>\n\t<meta property=\"og:image:width\" content=\"1000\" \/>\n\t<meta property=\"og:image:height\" content=\"1000\" \/>\n\t<meta property=\"og:image:type\" content=\"image\/png\" \/>\n<meta name=\"twitter:card\" content=\"summary_large_image\" \/>\n<meta name=\"twitter:label1\" content=\"Gesch\u00e4tzte Lesezeit\" \/>\n\t<meta name=\"twitter:data1\" content=\"1\u00a0Minute\" \/>\n<script type=\"application\/ld+json\" class=\"yoast-schema-graph\">{\"@context\":\"https:\/\/schema.org\",\"@graph\":[{\"@type\":\"WebPage\",\"@id\":\"https:\/\/lmt-gorica.hr\/proizvod\/hamburg-jacket-tx33\/\",\"url\":\"https:\/\/lmt-gorica.hr\/proizvod\/hamburg-jacket-tx33\/\",\"name\":\"HAMBURG JACKET - TX33 - LMT Gorica\",\"isPartOf\":{\"@id\":\"https:\/\/lmt-gorica.hr\/#website\"},\"primaryImageOfPage\":{\"@id\":\"https:\/\/lmt-gorica.hr\/proizvod\/hamburg-jacket-tx33\/#primaryimage\"},\"image\":{\"@id\":\"https:\/\/lmt-gorica.hr\/proizvod\/hamburg-jacket-tx33\/#primaryimage\"},\"thumbnailUrl\":\"https:\/\/lmt-gorica.hr\/wp-content\/uploads\/2018\/11\/HAMBURG-JACKET-TX33.png\",\"datePublished\":\"2018-11-05T21:07:08+00:00\",\"dateModified\":\"2018-11-05T21:07:08+00:00\",\"breadcrumb\":{\"@id\":\"https:\/\/lmt-gorica.hr\/proizvod\/hamburg-jacket-tx33\/#breadcrumb\"},\"inLanguage\":\"de\",\"potentialAction\":[{\"@type\":\"ReadAction\",\"target\":[\"https:\/\/lmt-gorica.hr\/proizvod\/hamburg-jacket-tx33\/\"]}]},{\"@type\":\"ImageObject\",\"inLanguage\":\"de\",\"@id\":\"https:\/\/lmt-gorica.hr\/proizvod\/hamburg-jacket-tx33\/#primaryimage\",\"url\":\"https:\/\/lmt-gorica.hr\/wp-content\/uploads\/2018\/11\/HAMBURG-JACKET-TX33.png\",\"contentUrl\":\"https:\/\/lmt-gorica.hr\/wp-content\/uploads\/2018\/11\/HAMBURG-JACKET-TX33.png\",\"width\":1000,\"height\":1000},{\"@type\":\"BreadcrumbList\",\"@id\":\"https:\/\/lmt-gorica.hr\/proizvod\/hamburg-jacket-tx33\/#breadcrumb\",\"itemListElement\":[{\"@type\":\"ListItem\",\"position\":1,\"name\":\"Po\u010detna stranica\",\"item\":\"https:\/\/lmt-gorica.hr\/de\/\"},{\"@type\":\"ListItem\",\"position\":2,\"name\":\"Shop\",\"item\":\"https:\/\/lmt-gorica.hr\/de\/shop\/\"},{\"@type\":\"ListItem\",\"position\":3,\"name\":\"HAMBURG JACKET &#8211; TX33\"}]},{\"@type\":\"WebSite\",\"@id\":\"https:\/\/lmt-gorica.hr\/#website\",\"url\":\"https:\/\/lmt-gorica.hr\/\",\"name\":\"LMT Gorica\",\"description\":\"Strojno vezenje \/ \u0161tikanje, te ostale usluge koje idu uz \u0161tik\",\"potentialAction\":[{\"@type\":\"SearchAction\",\"target\":{\"@type\":\"EntryPoint\",\"urlTemplate\":\"https:\/\/lmt-gorica.hr\/?s={search_term_string}\"},\"query-input\":{\"@type\":\"PropertyValueSpecification\",\"valueRequired\":true,\"valueName\":\"search_term_string\"}}],\"inLanguage\":\"de\"}]}<\/script>\n<!-- \/ Yoast SEO plugin. -->","yoast_head_json":{"title":"HAMBURG JACKET - TX33 - LMT Gorica","robots":{"index":"index","follow":"follow","max-snippet":"max-snippet:-1","max-image-preview":"max-image-preview:large","max-video-preview":"max-video-preview:-1"},"canonical":"https:\/\/lmt-gorica.hr\/proizvod\/hamburg-jacket-tx33\/","og_locale":"de_DE","og_type":"article","og_title":"HAMBURG JACKET - TX33 - LMT Gorica","og_description":"Jakna Hamburg je topla, prakti\u010dna i modernog dizajna. Gornji d\u017eepovi mogu smjestiti smart mobilni telefon, a prostrani donji imaju zatvara\u010de","og_url":"https:\/\/lmt-gorica.hr\/proizvod\/hamburg-jacket-tx33\/","og_site_name":"LMT Gorica","og_image":[{"width":1000,"height":1000,"url":"https:\/\/lmt-gorica.hr\/wp-content\/uploads\/2018\/11\/HAMBURG-JACKET-TX33.png","type":"image\/png"}],"twitter_card":"summary_large_image","twitter_misc":{"Gesch\u00e4tzte Lesezeit":"1\u00a0Minute"},"schema":{"@context":"https:\/\/schema.org","@graph":[{"@type":"WebPage","@id":"https:\/\/lmt-gorica.hr\/proizvod\/hamburg-jacket-tx33\/","url":"https:\/\/lmt-gorica.hr\/proizvod\/hamburg-jacket-tx33\/","name":"HAMBURG JACKET - TX33 - LMT Gorica","isPartOf":{"@id":"https:\/\/lmt-gorica.hr\/#website"},"primaryImageOfPage":{"@id":"https:\/\/lmt-gorica.hr\/proizvod\/hamburg-jacket-tx33\/#primaryimage"},"image":{"@id":"https:\/\/lmt-gorica.hr\/proizvod\/hamburg-jacket-tx33\/#primaryimage"},"thumbnailUrl":"https:\/\/lmt-gorica.hr\/wp-content\/uploads\/2018\/11\/HAMBURG-JACKET-TX33.png","datePublished":"2018-11-05T21:07:08+00:00","dateModified":"2018-11-05T21:07:08+00:00","breadcrumb":{"@id":"https:\/\/lmt-gorica.hr\/proizvod\/hamburg-jacket-tx33\/#breadcrumb"},"inLanguage":"de","potentialAction":[{"@type":"ReadAction","target":["https:\/\/lmt-gorica.hr\/proizvod\/hamburg-jacket-tx33\/"]}]},{"@type":"ImageObject","inLanguage":"de","@id":"https:\/\/lmt-gorica.hr\/proizvod\/hamburg-jacket-tx33\/#primaryimage","url":"https:\/\/lmt-gorica.hr\/wp-content\/uploads\/2018\/11\/HAMBURG-JACKET-TX33.png","contentUrl":"https:\/\/lmt-gorica.hr\/wp-content\/uploads\/2018\/11\/HAMBURG-JACKET-TX33.png","width":1000,"height":1000},{"@type":"BreadcrumbList","@id":"https:\/\/lmt-gorica.hr\/proizvod\/hamburg-jacket-tx33\/#breadcrumb","itemListElement":[{"@type":"ListItem","position":1,"name":"Po\u010detna stranica","item":"https:\/\/lmt-gorica.hr\/de\/"},{"@type":"ListItem","position":2,"name":"Shop","item":"https:\/\/lmt-gorica.hr\/de\/shop\/"},{"@type":"ListItem","position":3,"name":"HAMBURG JACKET &#8211; TX33"}]},{"@type":"WebSite","@id":"https:\/\/lmt-gorica.hr\/#website","url":"https:\/\/lmt-gorica.hr\/","name":"LMT Gorica","description":"Strojno vezenje \/ \u0161tikanje, te ostale usluge koje idu uz \u0161tik","potentialAction":[{"@type":"SearchAction","target":{"@type":"EntryPoint","urlTemplate":"https:\/\/lmt-gorica.hr\/?s={search_term_string}"},"query-input":{"@type":"PropertyValueSpecification","valueRequired":true,"valueName":"search_term_string"}}],"inLanguage":"de"}]}},"_links":{"self":[{"href":"https:\/\/lmt-gorica.hr\/de\/wp-json\/wp\/v2\/product\/4016","targetHints":{"allow":["GET"]}}],"collection":[{"href":"https:\/\/lmt-gorica.hr\/de\/wp-json\/wp\/v2\/product"}],"about":[{"href":"https:\/\/lmt-gorica.hr\/de\/wp-json\/wp\/v2\/types\/product"}],"wp:featuredmedia":[{"embeddable":true,"href":"https:\/\/lmt-gorica.hr\/de\/wp-json\/wp\/v2\/media\/4017"}],"wp:attachment":[{"href":"https:\/\/lmt-gorica.hr\/de\/wp-json\/wp\/v2\/media?parent=4016"}],"wp:term":[{"taxonomy":"product_cat","embeddable":true,"href":"https:\/\/lmt-gorica.hr\/de\/wp-json\/wp\/v2\/product_cat?post=4016"},{"taxonomy":"product_tag","embeddable":true,"href":"https:\/\/lmt-gorica.hr\/de\/wp-json\/wp\/v2\/product_tag?post=4016"}],"curies":[{"name":"wp","href":"https:\/\/api.w.org\/{rel}","templated":true}]}}