{"id":3305,"date":"2018-10-22T13:24:57","date_gmt":"2018-10-22T11:24:57","guid":{"rendered":"https:\/\/lmt-gorica.hr\/?post_type=product&#038;p=3305"},"modified":"2018-10-22T13:24:57","modified_gmt":"2018-10-22T11:24:57","slug":"cipela-niska-montbrun-s3-src","status":"publish","type":"product","link":"https:\/\/lmt-gorica.hr\/en\/proizvod\/cipela-niska-montbrun-s3-src\/","title":{"rendered":"Cipela niska Montbrun S3 SRC"},"content":{"rendered":"<p>Radna cipela Montbrun S3 SRC<\/p>\n<div>\n<div>\n<p><b>MATERIJAL:<\/b><\/p>\n<\/div>\n<div>\n<ul class=\"ul_bullet_small\">\n<li>Gornji\u0161te:puna gove\u0111a ko\u017ea,vodoodbojno<\/li>\n<li>\u010celi\u010dna kapica i tabanica<\/li>\n<li>Podstava:poliamid<\/li>\n<li>Unutarnji ulo\u017eak na va\u0111enje<\/li>\n<li>Vanjski sloj potplata: duplobrizgani poliuretan s dodatnim poja\u010danjem na vrhu cipele<\/li>\n<\/ul>\n<\/div>\n<\/div>\n<div>\n<div>\n<p><b>NAMJENA:<\/b><\/p>\n<\/div>\n<div>\n<ul class=\"ul_bullet_small\">\n<li>Industrija<\/li>\n<li>Gra\u0111evinski radovi<\/li>\n<li>Transport<\/li>\n<\/ul>\n<\/div>\n<\/div>\n","protected":false},"excerpt":{"rendered":"<p>Radna cipela Montbrun S3 SRC MATERIJAL: Gornji\u0161te:puna gove\u0111a ko\u017ea,vodoodbojno \u010celi\u010dna kapica i tabanica Podstava:poliamid Unutarnji ulo\u017eak na va\u0111enje Vanjski sloj<\/p>\n","protected":false},"featured_media":3306,"template":"","meta":[],"product_cat":[113],"product_tag":[],"class_list":{"0":"post-3305","1":"product","2":"type-product","3":"status-publish","4":"has-post-thumbnail","6":"product_cat-radni-program","8":"first","9":"instock","10":"shipping-taxable","11":"purchasable","12":"product-type-variable"},"yoast_head":"<!-- This site is optimized with the Yoast SEO plugin v23.9 - https:\/\/yoast.com\/wordpress\/plugins\/seo\/ -->\n<title>Cipela niska Montbrun S3 SRC - LMT Gorica<\/title>\n<meta name=\"robots\" content=\"index, follow, max-snippet:-1, max-image-preview:large, max-video-preview:-1\" \/>\n<link rel=\"canonical\" href=\"https:\/\/lmt-gorica.hr\/proizvod\/cipela-niska-montbrun-s3-src\/\" \/>\n<meta property=\"og:locale\" content=\"en_US\" \/>\n<meta property=\"og:type\" content=\"article\" \/>\n<meta property=\"og:title\" content=\"Cipela niska Montbrun S3 SRC - LMT Gorica\" \/>\n<meta property=\"og:description\" content=\"Radna cipela Montbrun S3 SRC MATERIJAL: Gornji\u0161te:puna gove\u0111a ko\u017ea,vodoodbojno \u010celi\u010dna kapica i tabanica Podstava:poliamid Unutarnji ulo\u017eak na va\u0111enje Vanjski sloj\" \/>\n<meta property=\"og:url\" content=\"https:\/\/lmt-gorica.hr\/proizvod\/cipela-niska-montbrun-s3-src\/\" \/>\n<meta property=\"og:site_name\" content=\"LMT Gorica\" \/>\n<meta property=\"og:image\" content=\"https:\/\/lmt-gorica.hr\/wp-content\/uploads\/2018\/10\/Cipela_niska_Mon_4c4577eabebbe.jpg\" \/>\n\t<meta property=\"og:image:width\" content=\"500\" \/>\n\t<meta property=\"og:image:height\" content=\"500\" \/>\n\t<meta property=\"og:image:type\" content=\"image\/jpeg\" \/>\n<meta name=\"twitter:card\" content=\"summary_large_image\" \/>\n<script type=\"application\/ld+json\" class=\"yoast-schema-graph\">{\"@context\":\"https:\/\/schema.org\",\"@graph\":[{\"@type\":\"WebPage\",\"@id\":\"https:\/\/lmt-gorica.hr\/proizvod\/cipela-niska-montbrun-s3-src\/\",\"url\":\"https:\/\/lmt-gorica.hr\/proizvod\/cipela-niska-montbrun-s3-src\/\",\"name\":\"Cipela niska Montbrun S3 SRC - LMT Gorica\",\"isPartOf\":{\"@id\":\"https:\/\/lmt-gorica.hr\/#website\"},\"primaryImageOfPage\":{\"@id\":\"https:\/\/lmt-gorica.hr\/proizvod\/cipela-niska-montbrun-s3-src\/#primaryimage\"},\"image\":{\"@id\":\"https:\/\/lmt-gorica.hr\/proizvod\/cipela-niska-montbrun-s3-src\/#primaryimage\"},\"thumbnailUrl\":\"https:\/\/lmt-gorica.hr\/wp-content\/uploads\/2018\/10\/Cipela_niska_Mon_4c4577eabebbe.jpg\",\"datePublished\":\"2018-10-22T11:24:57+00:00\",\"dateModified\":\"2018-10-22T11:24:57+00:00\",\"breadcrumb\":{\"@id\":\"https:\/\/lmt-gorica.hr\/proizvod\/cipela-niska-montbrun-s3-src\/#breadcrumb\"},\"inLanguage\":\"en-US\",\"potentialAction\":[{\"@type\":\"ReadAction\",\"target\":[\"https:\/\/lmt-gorica.hr\/proizvod\/cipela-niska-montbrun-s3-src\/\"]}]},{\"@type\":\"ImageObject\",\"inLanguage\":\"en-US\",\"@id\":\"https:\/\/lmt-gorica.hr\/proizvod\/cipela-niska-montbrun-s3-src\/#primaryimage\",\"url\":\"https:\/\/lmt-gorica.hr\/wp-content\/uploads\/2018\/10\/Cipela_niska_Mon_4c4577eabebbe.jpg\",\"contentUrl\":\"https:\/\/lmt-gorica.hr\/wp-content\/uploads\/2018\/10\/Cipela_niska_Mon_4c4577eabebbe.jpg\",\"width\":500,\"height\":500},{\"@type\":\"BreadcrumbList\",\"@id\":\"https:\/\/lmt-gorica.hr\/proizvod\/cipela-niska-montbrun-s3-src\/#breadcrumb\",\"itemListElement\":[{\"@type\":\"ListItem\",\"position\":1,\"name\":\"Po\u010detna stranica\",\"item\":\"https:\/\/lmt-gorica.hr\/\"},{\"@type\":\"ListItem\",\"position\":2,\"name\":\"Shop\",\"item\":\"https:\/\/lmt-gorica.hr\/proizvodi\/\"},{\"@type\":\"ListItem\",\"position\":3,\"name\":\"Cipela niska Montbrun S3 SRC\"}]},{\"@type\":\"WebSite\",\"@id\":\"https:\/\/lmt-gorica.hr\/#website\",\"url\":\"https:\/\/lmt-gorica.hr\/\",\"name\":\"LMT Gorica\",\"description\":\"Strojno vezenje \/ \u0161tikanje, te ostale usluge koje idu uz \u0161tik\",\"potentialAction\":[{\"@type\":\"SearchAction\",\"target\":{\"@type\":\"EntryPoint\",\"urlTemplate\":\"https:\/\/lmt-gorica.hr\/?s={search_term_string}\"},\"query-input\":{\"@type\":\"PropertyValueSpecification\",\"valueRequired\":true,\"valueName\":\"search_term_string\"}}],\"inLanguage\":\"en-US\"}]}<\/script>\n<!-- \/ Yoast SEO plugin. -->","yoast_head_json":{"title":"Cipela niska Montbrun S3 SRC - LMT Gorica","robots":{"index":"index","follow":"follow","max-snippet":"max-snippet:-1","max-image-preview":"max-image-preview:large","max-video-preview":"max-video-preview:-1"},"canonical":"https:\/\/lmt-gorica.hr\/proizvod\/cipela-niska-montbrun-s3-src\/","og_locale":"en_US","og_type":"article","og_title":"Cipela niska Montbrun S3 SRC - LMT Gorica","og_description":"Radna cipela Montbrun S3 SRC MATERIJAL: Gornji\u0161te:puna gove\u0111a ko\u017ea,vodoodbojno \u010celi\u010dna kapica i tabanica Podstava:poliamid Unutarnji ulo\u017eak na va\u0111enje Vanjski sloj","og_url":"https:\/\/lmt-gorica.hr\/proizvod\/cipela-niska-montbrun-s3-src\/","og_site_name":"LMT Gorica","og_image":[{"width":500,"height":500,"url":"https:\/\/lmt-gorica.hr\/wp-content\/uploads\/2018\/10\/Cipela_niska_Mon_4c4577eabebbe.jpg","type":"image\/jpeg"}],"twitter_card":"summary_large_image","schema":{"@context":"https:\/\/schema.org","@graph":[{"@type":"WebPage","@id":"https:\/\/lmt-gorica.hr\/proizvod\/cipela-niska-montbrun-s3-src\/","url":"https:\/\/lmt-gorica.hr\/proizvod\/cipela-niska-montbrun-s3-src\/","name":"Cipela niska Montbrun S3 SRC - LMT Gorica","isPartOf":{"@id":"https:\/\/lmt-gorica.hr\/#website"},"primaryImageOfPage":{"@id":"https:\/\/lmt-gorica.hr\/proizvod\/cipela-niska-montbrun-s3-src\/#primaryimage"},"image":{"@id":"https:\/\/lmt-gorica.hr\/proizvod\/cipela-niska-montbrun-s3-src\/#primaryimage"},"thumbnailUrl":"https:\/\/lmt-gorica.hr\/wp-content\/uploads\/2018\/10\/Cipela_niska_Mon_4c4577eabebbe.jpg","datePublished":"2018-10-22T11:24:57+00:00","dateModified":"2018-10-22T11:24:57+00:00","breadcrumb":{"@id":"https:\/\/lmt-gorica.hr\/proizvod\/cipela-niska-montbrun-s3-src\/#breadcrumb"},"inLanguage":"en-US","potentialAction":[{"@type":"ReadAction","target":["https:\/\/lmt-gorica.hr\/proizvod\/cipela-niska-montbrun-s3-src\/"]}]},{"@type":"ImageObject","inLanguage":"en-US","@id":"https:\/\/lmt-gorica.hr\/proizvod\/cipela-niska-montbrun-s3-src\/#primaryimage","url":"https:\/\/lmt-gorica.hr\/wp-content\/uploads\/2018\/10\/Cipela_niska_Mon_4c4577eabebbe.jpg","contentUrl":"https:\/\/lmt-gorica.hr\/wp-content\/uploads\/2018\/10\/Cipela_niska_Mon_4c4577eabebbe.jpg","width":500,"height":500},{"@type":"BreadcrumbList","@id":"https:\/\/lmt-gorica.hr\/proizvod\/cipela-niska-montbrun-s3-src\/#breadcrumb","itemListElement":[{"@type":"ListItem","position":1,"name":"Po\u010detna stranica","item":"https:\/\/lmt-gorica.hr\/"},{"@type":"ListItem","position":2,"name":"Shop","item":"https:\/\/lmt-gorica.hr\/proizvodi\/"},{"@type":"ListItem","position":3,"name":"Cipela niska Montbrun S3 SRC"}]},{"@type":"WebSite","@id":"https:\/\/lmt-gorica.hr\/#website","url":"https:\/\/lmt-gorica.hr\/","name":"LMT Gorica","description":"Strojno vezenje \/ \u0161tikanje, te ostale usluge koje idu uz \u0161tik","potentialAction":[{"@type":"SearchAction","target":{"@type":"EntryPoint","urlTemplate":"https:\/\/lmt-gorica.hr\/?s={search_term_string}"},"query-input":{"@type":"PropertyValueSpecification","valueRequired":true,"valueName":"search_term_string"}}],"inLanguage":"en-US"}]}},"_links":{"self":[{"href":"https:\/\/lmt-gorica.hr\/en\/wp-json\/wp\/v2\/product\/3305","targetHints":{"allow":["GET"]}}],"collection":[{"href":"https:\/\/lmt-gorica.hr\/en\/wp-json\/wp\/v2\/product"}],"about":[{"href":"https:\/\/lmt-gorica.hr\/en\/wp-json\/wp\/v2\/types\/product"}],"wp:featuredmedia":[{"embeddable":true,"href":"https:\/\/lmt-gorica.hr\/en\/wp-json\/wp\/v2\/media\/3306"}],"wp:attachment":[{"href":"https:\/\/lmt-gorica.hr\/en\/wp-json\/wp\/v2\/media?parent=3305"}],"wp:term":[{"taxonomy":"product_cat","embeddable":true,"href":"https:\/\/lmt-gorica.hr\/en\/wp-json\/wp\/v2\/product_cat?post=3305"},{"taxonomy":"product_tag","embeddable":true,"href":"https:\/\/lmt-gorica.hr\/en\/wp-json\/wp\/v2\/product_tag?post=3305"}],"curies":[{"name":"wp","href":"https:\/\/api.w.org\/{rel}","templated":true}]}}