{"id":4004,"date":"2018-11-05T22:00:45","date_gmt":"2018-11-05T21:00:45","guid":{"rendered":"https:\/\/lmt-gorica.hr\/?post_type=product&#038;p=4004"},"modified":"2018-11-05T22:09:28","modified_gmt":"2018-11-05T21:09:28","slug":"radne-hlace-s-naramenicama-portwest-texo-tx12","status":"publish","type":"product","link":"https:\/\/lmt-gorica.hr\/en\/proizvod\/radne-hlace-s-naramenicama-portwest-texo-tx12\/","title":{"rendered":"RADNE HLA\u010cE S NARAMENICAMA PORTWEST TEXO &#8211; TX12"},"content":{"rendered":"<p>Tkanina Portwest Texo cotton rich \u010dini odje\u0107u udobnom a istovremeno i korisnom. Hla\u010de s naramenicama pru\u017eaju za\u0161titu cijelog donjeg dijela tijela i nogu. Hla\u010de imaju d\u017eep na prednjici, d\u017eepove za \u0161titnike za koljena i bo\u010dne d\u017eepove. \u010ci\u010dak trake na nogavicama omogu\u0107uju dobro pristajanje.<\/p>\n<ul class=\"features-text\">\n<li>Visokokvalitetan pamuk za ve\u0107u udobnost<\/li>\n<li>Ovi odjevni predmeti odr\u017eavaju svoj oblik i nakon pranja jer se tkanina ne gu\u017eva<\/li>\n<li>Kontrasti boja za bolji izgled<\/li>\n<li>Elasti\u010dan stra\u017enji dio struka za dodatnu prilagodbu<\/li>\n<li>10 d\u017eepova za pohranu<\/li>\n<li>D\u017eepovi za \u0161titnike za koljena *\u0160titnici za koljena prodaju se zasebno<\/li>\n<li>D\u017eep za mobitel<\/li>\n<li>Dodatno pro\u0161iveno na svim klju\u010dnim to\u010dkama<\/li>\n<li>Tkanina razine 50+ UPF blokira 98% UV zraka<\/li>\n<li>Dva stra\u017enja d\u017eepa<\/li>\n<\/ul>\n","protected":false},"excerpt":{"rendered":"<p>Tkanina Portwest Texo cotton rich \u010dini odje\u0107u udobnom a istovremeno i korisnom. Hla\u010de s naramenicama pru\u017eaju za\u0161titu cijelog donjeg dijela<\/p>\n","protected":false},"featured_media":4005,"template":"","meta":[],"product_cat":[113],"product_tag":[],"class_list":{"0":"post-4004","1":"product","2":"type-product","3":"status-publish","4":"has-post-thumbnail","6":"product_cat-radni-program","7":"pa_brand-portwest","9":"first","10":"instock","11":"shipping-taxable","12":"purchasable","13":"product-type-variable"},"yoast_head":"<!-- This site is optimized with the Yoast SEO plugin v23.9 - https:\/\/yoast.com\/wordpress\/plugins\/seo\/ -->\n<title>RADNE HLA\u010cE S NARAMENICAMA PORTWEST TEXO - TX12 - LMT Gorica<\/title>\n<meta name=\"robots\" content=\"index, follow, max-snippet:-1, max-image-preview:large, max-video-preview:-1\" \/>\n<link rel=\"canonical\" href=\"https:\/\/lmt-gorica.hr\/proizvod\/radne-hlace-s-naramenicama-portwest-texo-tx12\/\" \/>\n<meta property=\"og:locale\" content=\"en_US\" \/>\n<meta property=\"og:type\" content=\"article\" \/>\n<meta property=\"og:title\" content=\"RADNE HLA\u010cE S NARAMENICAMA PORTWEST TEXO - TX12 - LMT Gorica\" \/>\n<meta property=\"og:description\" content=\"Tkanina Portwest Texo cotton rich \u010dini odje\u0107u udobnom a istovremeno i korisnom. Hla\u010de s naramenicama pru\u017eaju za\u0161titu cijelog donjeg dijela\" \/>\n<meta property=\"og:url\" content=\"https:\/\/lmt-gorica.hr\/proizvod\/radne-hlace-s-naramenicama-portwest-texo-tx12\/\" \/>\n<meta property=\"og:site_name\" content=\"LMT Gorica\" \/>\n<meta property=\"article:modified_time\" content=\"2018-11-05T21:09:28+00:00\" \/>\n<meta property=\"og:image\" content=\"https:\/\/lmt-gorica.hr\/wp-content\/uploads\/2018\/11\/RADNE-HLA\u010cE-S-NARAMENICAMA-PORTWEST-TEXO-TX12.png\" \/>\n\t<meta property=\"og:image:width\" content=\"1000\" \/>\n\t<meta property=\"og:image:height\" content=\"1000\" \/>\n\t<meta property=\"og:image:type\" content=\"image\/png\" \/>\n<meta name=\"twitter:card\" content=\"summary_large_image\" \/>\n<meta name=\"twitter:label1\" content=\"Est. reading time\" \/>\n\t<meta name=\"twitter:data1\" content=\"1 minute\" \/>\n<script type=\"application\/ld+json\" class=\"yoast-schema-graph\">{\"@context\":\"https:\/\/schema.org\",\"@graph\":[{\"@type\":\"WebPage\",\"@id\":\"https:\/\/lmt-gorica.hr\/proizvod\/radne-hlace-s-naramenicama-portwest-texo-tx12\/\",\"url\":\"https:\/\/lmt-gorica.hr\/proizvod\/radne-hlace-s-naramenicama-portwest-texo-tx12\/\",\"name\":\"RADNE HLA\u010cE S NARAMENICAMA PORTWEST TEXO - TX12 - LMT Gorica\",\"isPartOf\":{\"@id\":\"https:\/\/lmt-gorica.hr\/#website\"},\"primaryImageOfPage\":{\"@id\":\"https:\/\/lmt-gorica.hr\/proizvod\/radne-hlace-s-naramenicama-portwest-texo-tx12\/#primaryimage\"},\"image\":{\"@id\":\"https:\/\/lmt-gorica.hr\/proizvod\/radne-hlace-s-naramenicama-portwest-texo-tx12\/#primaryimage\"},\"thumbnailUrl\":\"https:\/\/lmt-gorica.hr\/wp-content\/uploads\/2018\/11\/RADNE-HLA\u010cE-S-NARAMENICAMA-PORTWEST-TEXO-TX12.png\",\"datePublished\":\"2018-11-05T21:00:45+00:00\",\"dateModified\":\"2018-11-05T21:09:28+00:00\",\"breadcrumb\":{\"@id\":\"https:\/\/lmt-gorica.hr\/proizvod\/radne-hlace-s-naramenicama-portwest-texo-tx12\/#breadcrumb\"},\"inLanguage\":\"en-US\",\"potentialAction\":[{\"@type\":\"ReadAction\",\"target\":[\"https:\/\/lmt-gorica.hr\/proizvod\/radne-hlace-s-naramenicama-portwest-texo-tx12\/\"]}]},{\"@type\":\"ImageObject\",\"inLanguage\":\"en-US\",\"@id\":\"https:\/\/lmt-gorica.hr\/proizvod\/radne-hlace-s-naramenicama-portwest-texo-tx12\/#primaryimage\",\"url\":\"https:\/\/lmt-gorica.hr\/wp-content\/uploads\/2018\/11\/RADNE-HLA\u010cE-S-NARAMENICAMA-PORTWEST-TEXO-TX12.png\",\"contentUrl\":\"https:\/\/lmt-gorica.hr\/wp-content\/uploads\/2018\/11\/RADNE-HLA\u010cE-S-NARAMENICAMA-PORTWEST-TEXO-TX12.png\",\"width\":1000,\"height\":1000},{\"@type\":\"BreadcrumbList\",\"@id\":\"https:\/\/lmt-gorica.hr\/proizvod\/radne-hlace-s-naramenicama-portwest-texo-tx12\/#breadcrumb\",\"itemListElement\":[{\"@type\":\"ListItem\",\"position\":1,\"name\":\"Po\u010detna stranica\",\"item\":\"https:\/\/lmt-gorica.hr\/\"},{\"@type\":\"ListItem\",\"position\":2,\"name\":\"Shop\",\"item\":\"https:\/\/lmt-gorica.hr\/proizvodi\/\"},{\"@type\":\"ListItem\",\"position\":3,\"name\":\"RADNE HLA\u010cE S NARAMENICAMA PORTWEST TEXO &#8211; TX12\"}]},{\"@type\":\"WebSite\",\"@id\":\"https:\/\/lmt-gorica.hr\/#website\",\"url\":\"https:\/\/lmt-gorica.hr\/\",\"name\":\"LMT Gorica\",\"description\":\"Strojno vezenje \/ \u0161tikanje, te ostale usluge koje idu uz \u0161tik\",\"potentialAction\":[{\"@type\":\"SearchAction\",\"target\":{\"@type\":\"EntryPoint\",\"urlTemplate\":\"https:\/\/lmt-gorica.hr\/?s={search_term_string}\"},\"query-input\":{\"@type\":\"PropertyValueSpecification\",\"valueRequired\":true,\"valueName\":\"search_term_string\"}}],\"inLanguage\":\"en-US\"}]}<\/script>\n<!-- \/ Yoast SEO plugin. -->","yoast_head_json":{"title":"RADNE HLA\u010cE S NARAMENICAMA PORTWEST TEXO - TX12 - LMT Gorica","robots":{"index":"index","follow":"follow","max-snippet":"max-snippet:-1","max-image-preview":"max-image-preview:large","max-video-preview":"max-video-preview:-1"},"canonical":"https:\/\/lmt-gorica.hr\/proizvod\/radne-hlace-s-naramenicama-portwest-texo-tx12\/","og_locale":"en_US","og_type":"article","og_title":"RADNE HLA\u010cE S NARAMENICAMA PORTWEST TEXO - TX12 - LMT Gorica","og_description":"Tkanina Portwest Texo cotton rich \u010dini odje\u0107u udobnom a istovremeno i korisnom. Hla\u010de s naramenicama pru\u017eaju za\u0161titu cijelog donjeg dijela","og_url":"https:\/\/lmt-gorica.hr\/proizvod\/radne-hlace-s-naramenicama-portwest-texo-tx12\/","og_site_name":"LMT Gorica","article_modified_time":"2018-11-05T21:09:28+00:00","og_image":[{"width":1000,"height":1000,"url":"https:\/\/lmt-gorica.hr\/wp-content\/uploads\/2018\/11\/RADNE-HLA\u010cE-S-NARAMENICAMA-PORTWEST-TEXO-TX12.png","type":"image\/png"}],"twitter_card":"summary_large_image","twitter_misc":{"Est. reading time":"1 minute"},"schema":{"@context":"https:\/\/schema.org","@graph":[{"@type":"WebPage","@id":"https:\/\/lmt-gorica.hr\/proizvod\/radne-hlace-s-naramenicama-portwest-texo-tx12\/","url":"https:\/\/lmt-gorica.hr\/proizvod\/radne-hlace-s-naramenicama-portwest-texo-tx12\/","name":"RADNE HLA\u010cE S NARAMENICAMA PORTWEST TEXO - TX12 - LMT Gorica","isPartOf":{"@id":"https:\/\/lmt-gorica.hr\/#website"},"primaryImageOfPage":{"@id":"https:\/\/lmt-gorica.hr\/proizvod\/radne-hlace-s-naramenicama-portwest-texo-tx12\/#primaryimage"},"image":{"@id":"https:\/\/lmt-gorica.hr\/proizvod\/radne-hlace-s-naramenicama-portwest-texo-tx12\/#primaryimage"},"thumbnailUrl":"https:\/\/lmt-gorica.hr\/wp-content\/uploads\/2018\/11\/RADNE-HLA\u010cE-S-NARAMENICAMA-PORTWEST-TEXO-TX12.png","datePublished":"2018-11-05T21:00:45+00:00","dateModified":"2018-11-05T21:09:28+00:00","breadcrumb":{"@id":"https:\/\/lmt-gorica.hr\/proizvod\/radne-hlace-s-naramenicama-portwest-texo-tx12\/#breadcrumb"},"inLanguage":"en-US","potentialAction":[{"@type":"ReadAction","target":["https:\/\/lmt-gorica.hr\/proizvod\/radne-hlace-s-naramenicama-portwest-texo-tx12\/"]}]},{"@type":"ImageObject","inLanguage":"en-US","@id":"https:\/\/lmt-gorica.hr\/proizvod\/radne-hlace-s-naramenicama-portwest-texo-tx12\/#primaryimage","url":"https:\/\/lmt-gorica.hr\/wp-content\/uploads\/2018\/11\/RADNE-HLA\u010cE-S-NARAMENICAMA-PORTWEST-TEXO-TX12.png","contentUrl":"https:\/\/lmt-gorica.hr\/wp-content\/uploads\/2018\/11\/RADNE-HLA\u010cE-S-NARAMENICAMA-PORTWEST-TEXO-TX12.png","width":1000,"height":1000},{"@type":"BreadcrumbList","@id":"https:\/\/lmt-gorica.hr\/proizvod\/radne-hlace-s-naramenicama-portwest-texo-tx12\/#breadcrumb","itemListElement":[{"@type":"ListItem","position":1,"name":"Po\u010detna stranica","item":"https:\/\/lmt-gorica.hr\/"},{"@type":"ListItem","position":2,"name":"Shop","item":"https:\/\/lmt-gorica.hr\/proizvodi\/"},{"@type":"ListItem","position":3,"name":"RADNE HLA\u010cE S NARAMENICAMA PORTWEST TEXO &#8211; TX12"}]},{"@type":"WebSite","@id":"https:\/\/lmt-gorica.hr\/#website","url":"https:\/\/lmt-gorica.hr\/","name":"LMT Gorica","description":"Strojno vezenje \/ \u0161tikanje, te ostale usluge koje idu uz \u0161tik","potentialAction":[{"@type":"SearchAction","target":{"@type":"EntryPoint","urlTemplate":"https:\/\/lmt-gorica.hr\/?s={search_term_string}"},"query-input":{"@type":"PropertyValueSpecification","valueRequired":true,"valueName":"search_term_string"}}],"inLanguage":"en-US"}]}},"_links":{"self":[{"href":"https:\/\/lmt-gorica.hr\/en\/wp-json\/wp\/v2\/product\/4004","targetHints":{"allow":["GET"]}}],"collection":[{"href":"https:\/\/lmt-gorica.hr\/en\/wp-json\/wp\/v2\/product"}],"about":[{"href":"https:\/\/lmt-gorica.hr\/en\/wp-json\/wp\/v2\/types\/product"}],"wp:featuredmedia":[{"embeddable":true,"href":"https:\/\/lmt-gorica.hr\/en\/wp-json\/wp\/v2\/media\/4005"}],"wp:attachment":[{"href":"https:\/\/lmt-gorica.hr\/en\/wp-json\/wp\/v2\/media?parent=4004"}],"wp:term":[{"taxonomy":"product_cat","embeddable":true,"href":"https:\/\/lmt-gorica.hr\/en\/wp-json\/wp\/v2\/product_cat?post=4004"},{"taxonomy":"product_tag","embeddable":true,"href":"https:\/\/lmt-gorica.hr\/en\/wp-json\/wp\/v2\/product_tag?post=4004"}],"curies":[{"name":"wp","href":"https:\/\/api.w.org\/{rel}","templated":true}]}}